{"id":1222,"date":"2024-03-28T15:43:52","date_gmt":"2024-03-28T15:43:52","guid":{"rendered":"https:\/\/nicolitos.com\/wp\/produto\/roupa-bonecas\/"},"modified":"2024-05-07T16:51:24","modified_gmt":"2024-05-07T16:51:24","slug":"roupa-bonecas","status":"publish","type":"product","link":"https:\/\/nicolitos.com\/wp\/shop\/roupa-bonecas\/","title":{"rendered":"ROUPA BONECAS"},"content":{"rendered":"","protected":false},"excerpt":{"rendered":"","protected":false},"featured_media":2829,"comment_status":"open","ping_status":"closed","template":"","meta":{"_acf_changed":false,"_themeisle_gutenberg_block_has_review":false},"product_cat":[428,427,426],"product_tag":[],"class_list":{"0":"post-1222","1":"product","2":"type-product","3":"status-publish","4":"has-post-thumbnail","6":"product_cat-acessorios","7":"product_cat-bonecas","8":"product_cat-brinquedos","9":"product_shipping_class-peso-500gr","11":"first","12":"instock","13":"taxable","14":"shipping-taxable","15":"purchasable","16":"product-type-simple"},"acf":[],"yoast_head":"<!-- This site is optimized with the Yoast SEO plugin v24.2 - https:\/\/yoast.com\/wordpress\/plugins\/seo\/ -->\n<title>ROUPA BONECAS - Nicolitos<\/title>\n<meta name=\"robots\" content=\"index, follow, max-snippet:-1, max-image-preview:large, max-video-preview:-1\" \/>\n<link rel=\"canonical\" href=\"https:\/\/nicolitos.com\/wp\/shop\/roupa-bonecas\/\" \/>\n<meta property=\"og:locale\" content=\"pt_PT\" \/>\n<meta property=\"og:type\" content=\"article\" \/>\n<meta property=\"og:title\" content=\"ROUPA BONECAS - Nicolitos\" \/>\n<meta property=\"og:url\" content=\"https:\/\/nicolitos.com\/wp\/shop\/roupa-bonecas\/\" \/>\n<meta property=\"og:site_name\" content=\"Nicolitos\" \/>\n<meta property=\"article:publisher\" content=\"https:\/\/www.facebook.com\/NicolitosMM\" \/>\n<meta property=\"article:modified_time\" content=\"2024-05-07T16:51:24+00:00\" \/>\n<meta property=\"og:image\" content=\"https:\/\/nicolitos.com\/wp\/wp-content\/uploads\/2024\/03\/46536.jpg\" \/>\n\t<meta property=\"og:image:width\" content=\"800\" \/>\n\t<meta property=\"og:image:height\" content=\"533\" \/>\n\t<meta property=\"og:image:type\" content=\"image\/jpeg\" \/>\n<meta name=\"twitter:card\" content=\"summary_large_image\" \/>\n<script type=\"application\/ld+json\" class=\"yoast-schema-graph\">{\"@context\":\"https:\/\/schema.org\",\"@graph\":[{\"@type\":\"WebPage\",\"@id\":\"https:\/\/nicolitos.com\/wp\/shop\/roupa-bonecas\/\",\"url\":\"https:\/\/nicolitos.com\/wp\/shop\/roupa-bonecas\/\",\"name\":\"ROUPA BONECAS - Nicolitos\",\"isPartOf\":{\"@id\":\"https:\/\/nicolitos.com\/wp\/#website\"},\"primaryImageOfPage\":{\"@id\":\"https:\/\/nicolitos.com\/wp\/shop\/roupa-bonecas\/#primaryimage\"},\"image\":{\"@id\":\"https:\/\/nicolitos.com\/wp\/shop\/roupa-bonecas\/#primaryimage\"},\"thumbnailUrl\":\"https:\/\/nicolitos.com\/wp\/wp-content\/uploads\/2024\/03\/46536.jpg\",\"datePublished\":\"2024-03-28T15:43:52+00:00\",\"dateModified\":\"2024-05-07T16:51:24+00:00\",\"breadcrumb\":{\"@id\":\"https:\/\/nicolitos.com\/wp\/shop\/roupa-bonecas\/#breadcrumb\"},\"inLanguage\":\"pt-PT\",\"potentialAction\":[{\"@type\":\"ReadAction\",\"target\":[\"https:\/\/nicolitos.com\/wp\/shop\/roupa-bonecas\/\"]}]},{\"@type\":\"ImageObject\",\"inLanguage\":\"pt-PT\",\"@id\":\"https:\/\/nicolitos.com\/wp\/shop\/roupa-bonecas\/#primaryimage\",\"url\":\"https:\/\/nicolitos.com\/wp\/wp-content\/uploads\/2024\/03\/46536.jpg\",\"contentUrl\":\"https:\/\/nicolitos.com\/wp\/wp-content\/uploads\/2024\/03\/46536.jpg\",\"width\":800,\"height\":533},{\"@type\":\"BreadcrumbList\",\"@id\":\"https:\/\/nicolitos.com\/wp\/shop\/roupa-bonecas\/#breadcrumb\",\"itemListElement\":[{\"@type\":\"ListItem\",\"position\":1,\"name\":\"In\u00edcio\",\"item\":\"https:\/\/nicolitos.com\/wp\/\"},{\"@type\":\"ListItem\",\"position\":2,\"name\":\"Loja\",\"item\":\"https:\/\/nicolitos.com\/wp\/shop\/\"},{\"@type\":\"ListItem\",\"position\":3,\"name\":\"ROUPA BONECAS\"}]},{\"@type\":\"WebSite\",\"@id\":\"https:\/\/nicolitos.com\/wp\/#website\",\"url\":\"https:\/\/nicolitos.com\/wp\/\",\"name\":\"Nicolitos - Artigos de b\u00e9b\u00e9 e crian\u00e7a\",\"description\":\"Nicolitos - Loja de Artigos para b\u00e9b\u00e9 e crian\u00e7a\",\"publisher\":{\"@id\":\"https:\/\/nicolitos.com\/wp\/#organization\"},\"potentialAction\":[{\"@type\":\"SearchAction\",\"target\":{\"@type\":\"EntryPoint\",\"urlTemplate\":\"https:\/\/nicolitos.com\/wp\/?s={search_term_string}\"},\"query-input\":{\"@type\":\"PropertyValueSpecification\",\"valueRequired\":true,\"valueName\":\"search_term_string\"}}],\"inLanguage\":\"pt-PT\"},{\"@type\":\"Organization\",\"@id\":\"https:\/\/nicolitos.com\/wp\/#organization\",\"name\":\"Nicolitos\",\"url\":\"https:\/\/nicolitos.com\/wp\/\",\"logo\":{\"@type\":\"ImageObject\",\"inLanguage\":\"pt-PT\",\"@id\":\"https:\/\/nicolitos.com\/wp\/#\/schema\/logo\/image\/\",\"url\":\"https:\/\/nicolitos.com\/wp\/wp-content\/uploads\/2024\/05\/2-removebg-preview.png\",\"contentUrl\":\"https:\/\/nicolitos.com\/wp\/wp-content\/uploads\/2024\/05\/2-removebg-preview.png\",\"width\":300,\"height\":283,\"caption\":\"Nicolitos\"},\"image\":{\"@id\":\"https:\/\/nicolitos.com\/wp\/#\/schema\/logo\/image\/\"},\"sameAs\":[\"https:\/\/www.facebook.com\/NicolitosMM\",\"https:\/\/www.instagram.com\/nicolitosmm\/\",\"https:\/\/www.tiktok.com\/@nicolitosmm\"]}]}<\/script>\n<!-- \/ Yoast SEO plugin. -->","yoast_head_json":{"title":"ROUPA BONECAS - Nicolitos","robots":{"index":"index","follow":"follow","max-snippet":"max-snippet:-1","max-image-preview":"max-image-preview:large","max-video-preview":"max-video-preview:-1"},"canonical":"https:\/\/nicolitos.com\/wp\/shop\/roupa-bonecas\/","og_locale":"pt_PT","og_type":"article","og_title":"ROUPA BONECAS - Nicolitos","og_url":"https:\/\/nicolitos.com\/wp\/shop\/roupa-bonecas\/","og_site_name":"Nicolitos","article_publisher":"https:\/\/www.facebook.com\/NicolitosMM","article_modified_time":"2024-05-07T16:51:24+00:00","og_image":[{"width":800,"height":533,"url":"https:\/\/nicolitos.com\/wp\/wp-content\/uploads\/2024\/03\/46536.jpg","type":"image\/jpeg"}],"twitter_card":"summary_large_image","schema":{"@context":"https:\/\/schema.org","@graph":[{"@type":"WebPage","@id":"https:\/\/nicolitos.com\/wp\/shop\/roupa-bonecas\/","url":"https:\/\/nicolitos.com\/wp\/shop\/roupa-bonecas\/","name":"ROUPA BONECAS - Nicolitos","isPartOf":{"@id":"https:\/\/nicolitos.com\/wp\/#website"},"primaryImageOfPage":{"@id":"https:\/\/nicolitos.com\/wp\/shop\/roupa-bonecas\/#primaryimage"},"image":{"@id":"https:\/\/nicolitos.com\/wp\/shop\/roupa-bonecas\/#primaryimage"},"thumbnailUrl":"https:\/\/nicolitos.com\/wp\/wp-content\/uploads\/2024\/03\/46536.jpg","datePublished":"2024-03-28T15:43:52+00:00","dateModified":"2024-05-07T16:51:24+00:00","breadcrumb":{"@id":"https:\/\/nicolitos.com\/wp\/shop\/roupa-bonecas\/#breadcrumb"},"inLanguage":"pt-PT","potentialAction":[{"@type":"ReadAction","target":["https:\/\/nicolitos.com\/wp\/shop\/roupa-bonecas\/"]}]},{"@type":"ImageObject","inLanguage":"pt-PT","@id":"https:\/\/nicolitos.com\/wp\/shop\/roupa-bonecas\/#primaryimage","url":"https:\/\/nicolitos.com\/wp\/wp-content\/uploads\/2024\/03\/46536.jpg","contentUrl":"https:\/\/nicolitos.com\/wp\/wp-content\/uploads\/2024\/03\/46536.jpg","width":800,"height":533},{"@type":"BreadcrumbList","@id":"https:\/\/nicolitos.com\/wp\/shop\/roupa-bonecas\/#breadcrumb","itemListElement":[{"@type":"ListItem","position":1,"name":"In\u00edcio","item":"https:\/\/nicolitos.com\/wp\/"},{"@type":"ListItem","position":2,"name":"Loja","item":"https:\/\/nicolitos.com\/wp\/shop\/"},{"@type":"ListItem","position":3,"name":"ROUPA BONECAS"}]},{"@type":"WebSite","@id":"https:\/\/nicolitos.com\/wp\/#website","url":"https:\/\/nicolitos.com\/wp\/","name":"Nicolitos - Artigos de b\u00e9b\u00e9 e crian\u00e7a","description":"Nicolitos - Loja de Artigos para b\u00e9b\u00e9 e crian\u00e7a","publisher":{"@id":"https:\/\/nicolitos.com\/wp\/#organization"},"potentialAction":[{"@type":"SearchAction","target":{"@type":"EntryPoint","urlTemplate":"https:\/\/nicolitos.com\/wp\/?s={search_term_string}"},"query-input":{"@type":"PropertyValueSpecification","valueRequired":true,"valueName":"search_term_string"}}],"inLanguage":"pt-PT"},{"@type":"Organization","@id":"https:\/\/nicolitos.com\/wp\/#organization","name":"Nicolitos","url":"https:\/\/nicolitos.com\/wp\/","logo":{"@type":"ImageObject","inLanguage":"pt-PT","@id":"https:\/\/nicolitos.com\/wp\/#\/schema\/logo\/image\/","url":"https:\/\/nicolitos.com\/wp\/wp-content\/uploads\/2024\/05\/2-removebg-preview.png","contentUrl":"https:\/\/nicolitos.com\/wp\/wp-content\/uploads\/2024\/05\/2-removebg-preview.png","width":300,"height":283,"caption":"Nicolitos"},"image":{"@id":"https:\/\/nicolitos.com\/wp\/#\/schema\/logo\/image\/"},"sameAs":["https:\/\/www.facebook.com\/NicolitosMM","https:\/\/www.instagram.com\/nicolitosmm\/","https:\/\/www.tiktok.com\/@nicolitosmm"]}]}},"_links":{"self":[{"href":"https:\/\/nicolitos.com\/wp\/wp-json\/wp\/v2\/product\/1222","targetHints":{"allow":["GET"]}}],"collection":[{"href":"https:\/\/nicolitos.com\/wp\/wp-json\/wp\/v2\/product"}],"about":[{"href":"https:\/\/nicolitos.com\/wp\/wp-json\/wp\/v2\/types\/product"}],"replies":[{"embeddable":true,"href":"https:\/\/nicolitos.com\/wp\/wp-json\/wp\/v2\/comments?post=1222"}],"wp:featuredmedia":[{"embeddable":true,"href":"https:\/\/nicolitos.com\/wp\/wp-json\/wp\/v2\/media\/2829"}],"wp:attachment":[{"href":"https:\/\/nicolitos.com\/wp\/wp-json\/wp\/v2\/media?parent=1222"}],"wp:term":[{"taxonomy":"product_cat","embeddable":true,"href":"https:\/\/nicolitos.com\/wp\/wp-json\/wp\/v2\/product_cat?post=1222"},{"taxonomy":"product_tag","embeddable":true,"href":"https:\/\/nicolitos.com\/wp\/wp-json\/wp\/v2\/product_tag?post=1222"}],"curies":[{"name":"wp","href":"https:\/\/api.w.org\/{rel}","templated":true}]}}