{"id":489,"date":"2024-03-28T15:42:57","date_gmt":"2024-03-28T15:42:57","guid":{"rendered":"https:\/\/nicolitos.com\/wp\/produto\/didaticos-com-som\/"},"modified":"2024-05-07T15:39:10","modified_gmt":"2024-05-07T15:39:10","slug":"didaticos-com-som","status":"publish","type":"product","link":"https:\/\/nicolitos.com\/wp\/shop\/didaticos-com-som\/","title":{"rendered":"Dinossauro Did\u00e1tico"},"content":{"rendered":"<p>Este dinossauro com cara de traquina ser\u00e1 o melhor amigo do seu pequeno a partir de agora. Um dinossauro pronto para deixar o mais pequeno da casa feliz com as suas melodias e sons. O dinossauro \u00e9 um brinquedo musical muito simples e ao mesmo tempo muito divertido. Interage com os seus bot\u00f5es e luzes e \u00e9 leve e f\u00e1cil de transportar gra\u00e7as \u00e0 sua al\u00e7a \u00b7 Recomendado para +12 meses \u00b7 Funciona com baterias. \u00b7 Material: ABS.<\/p>\n","protected":false},"excerpt":{"rendered":"<p>Este dinossauro com cara de traquina ser\u00e1 o melhor amigo do seu pequeno a partir de agora. Um dinossauro pronto para deixar o mais pequeno da casa feliz com as suas melodias e sons. O dinossauro \u00e9 um brinquedo musical muito simples e ao mesmo tempo muito divertido. Interage com os seus bot\u00f5es e luzes e \u00e9 leve e f\u00e1cil de transportar gra\u00e7as \u00e0 sua al\u00e7a \u00b7 Recomendado para +12 meses \u00b7 Funciona com baterias. \u00b7 Material: ABS.<\/p>\n","protected":false},"featured_media":3112,"comment_status":"open","ping_status":"closed","template":"","meta":{"_acf_changed":false,"_themeisle_gutenberg_block_has_review":false},"product_cat":[426,473],"product_tag":[],"class_list":{"0":"post-489","1":"product","2":"type-product","3":"status-publish","4":"has-post-thumbnail","6":"product_cat-brinquedos","7":"product_cat-didaticos-brinquedos","8":"product_shipping_class-peso-500gr","10":"first","11":"instock","12":"taxable","13":"shipping-taxable","14":"purchasable","15":"product-type-simple"},"acf":[],"yoast_head":"<!-- This site is optimized with the Yoast SEO plugin v24.2 - https:\/\/yoast.com\/wordpress\/plugins\/seo\/ -->\n<title>Dinossauro Did\u00e1tico - Nicolitos<\/title>\n<meta name=\"robots\" content=\"index, follow, max-snippet:-1, max-image-preview:large, max-video-preview:-1\" \/>\n<link rel=\"canonical\" href=\"https:\/\/nicolitos.com\/wp\/shop\/didaticos-com-som\/\" \/>\n<meta property=\"og:locale\" content=\"pt_PT\" \/>\n<meta property=\"og:type\" content=\"article\" \/>\n<meta property=\"og:title\" content=\"Dinossauro Did\u00e1tico - Nicolitos\" \/>\n<meta property=\"og:description\" content=\"Este dinossauro com cara de traquina ser\u00e1 o melhor amigo do seu pequeno a partir de agora. Um dinossauro pronto para deixar o mais pequeno da casa feliz com as suas melodias e sons. O dinossauro \u00e9 um brinquedo musical muito simples e ao mesmo tempo muito divertido. Interage com os seus bot\u00f5es e luzes e \u00e9 leve e f\u00e1cil de transportar gra\u00e7as \u00e0 sua al\u00e7a \u00b7 Recomendado para +12 meses \u00b7 Funciona com baterias. \u00b7 Material: ABS.\" \/>\n<meta property=\"og:url\" content=\"https:\/\/nicolitos.com\/wp\/shop\/didaticos-com-som\/\" \/>\n<meta property=\"og:site_name\" content=\"Nicolitos\" \/>\n<meta property=\"article:publisher\" content=\"https:\/\/www.facebook.com\/NicolitosMM\" \/>\n<meta property=\"article:modified_time\" content=\"2024-05-07T15:39:10+00:00\" \/>\n<meta property=\"og:image\" content=\"https:\/\/nicolitos.com\/wp\/wp-content\/uploads\/2024\/03\/3951.jpg\" \/>\n\t<meta property=\"og:image:width\" content=\"2067\" \/>\n\t<meta property=\"og:image:height\" content=\"1654\" \/>\n\t<meta property=\"og:image:type\" content=\"image\/jpeg\" \/>\n<meta name=\"twitter:card\" content=\"summary_large_image\" \/>\n<script type=\"application\/ld+json\" class=\"yoast-schema-graph\">{\"@context\":\"https:\/\/schema.org\",\"@graph\":[{\"@type\":\"WebPage\",\"@id\":\"https:\/\/nicolitos.com\/wp\/shop\/didaticos-com-som\/\",\"url\":\"https:\/\/nicolitos.com\/wp\/shop\/didaticos-com-som\/\",\"name\":\"Dinossauro Did\u00e1tico - Nicolitos\",\"isPartOf\":{\"@id\":\"https:\/\/nicolitos.com\/wp\/#website\"},\"primaryImageOfPage\":{\"@id\":\"https:\/\/nicolitos.com\/wp\/shop\/didaticos-com-som\/#primaryimage\"},\"image\":{\"@id\":\"https:\/\/nicolitos.com\/wp\/shop\/didaticos-com-som\/#primaryimage\"},\"thumbnailUrl\":\"https:\/\/nicolitos.com\/wp\/wp-content\/uploads\/2024\/03\/3951.jpg\",\"datePublished\":\"2024-03-28T15:42:57+00:00\",\"dateModified\":\"2024-05-07T15:39:10+00:00\",\"breadcrumb\":{\"@id\":\"https:\/\/nicolitos.com\/wp\/shop\/didaticos-com-som\/#breadcrumb\"},\"inLanguage\":\"pt-PT\",\"potentialAction\":[{\"@type\":\"ReadAction\",\"target\":[\"https:\/\/nicolitos.com\/wp\/shop\/didaticos-com-som\/\"]}]},{\"@type\":\"ImageObject\",\"inLanguage\":\"pt-PT\",\"@id\":\"https:\/\/nicolitos.com\/wp\/shop\/didaticos-com-som\/#primaryimage\",\"url\":\"https:\/\/nicolitos.com\/wp\/wp-content\/uploads\/2024\/03\/3951.jpg\",\"contentUrl\":\"https:\/\/nicolitos.com\/wp\/wp-content\/uploads\/2024\/03\/3951.jpg\",\"width\":2067,\"height\":1654},{\"@type\":\"BreadcrumbList\",\"@id\":\"https:\/\/nicolitos.com\/wp\/shop\/didaticos-com-som\/#breadcrumb\",\"itemListElement\":[{\"@type\":\"ListItem\",\"position\":1,\"name\":\"In\u00edcio\",\"item\":\"https:\/\/nicolitos.com\/wp\/\"},{\"@type\":\"ListItem\",\"position\":2,\"name\":\"Loja\",\"item\":\"https:\/\/nicolitos.com\/wp\/shop\/\"},{\"@type\":\"ListItem\",\"position\":3,\"name\":\"Dinossauro Did\u00e1tico\"}]},{\"@type\":\"WebSite\",\"@id\":\"https:\/\/nicolitos.com\/wp\/#website\",\"url\":\"https:\/\/nicolitos.com\/wp\/\",\"name\":\"Nicolitos - Artigos de b\u00e9b\u00e9 e crian\u00e7a\",\"description\":\"Nicolitos - Loja de Artigos para b\u00e9b\u00e9 e crian\u00e7a\",\"publisher\":{\"@id\":\"https:\/\/nicolitos.com\/wp\/#organization\"},\"potentialAction\":[{\"@type\":\"SearchAction\",\"target\":{\"@type\":\"EntryPoint\",\"urlTemplate\":\"https:\/\/nicolitos.com\/wp\/?s={search_term_string}\"},\"query-input\":{\"@type\":\"PropertyValueSpecification\",\"valueRequired\":true,\"valueName\":\"search_term_string\"}}],\"inLanguage\":\"pt-PT\"},{\"@type\":\"Organization\",\"@id\":\"https:\/\/nicolitos.com\/wp\/#organization\",\"name\":\"Nicolitos\",\"url\":\"https:\/\/nicolitos.com\/wp\/\",\"logo\":{\"@type\":\"ImageObject\",\"inLanguage\":\"pt-PT\",\"@id\":\"https:\/\/nicolitos.com\/wp\/#\/schema\/logo\/image\/\",\"url\":\"https:\/\/nicolitos.com\/wp\/wp-content\/uploads\/2024\/05\/2-removebg-preview.png\",\"contentUrl\":\"https:\/\/nicolitos.com\/wp\/wp-content\/uploads\/2024\/05\/2-removebg-preview.png\",\"width\":300,\"height\":283,\"caption\":\"Nicolitos\"},\"image\":{\"@id\":\"https:\/\/nicolitos.com\/wp\/#\/schema\/logo\/image\/\"},\"sameAs\":[\"https:\/\/www.facebook.com\/NicolitosMM\",\"https:\/\/www.instagram.com\/nicolitosmm\/\",\"https:\/\/www.tiktok.com\/@nicolitosmm\"]}]}<\/script>\n<!-- \/ Yoast SEO plugin. -->","yoast_head_json":{"title":"Dinossauro Did\u00e1tico - Nicolitos","robots":{"index":"index","follow":"follow","max-snippet":"max-snippet:-1","max-image-preview":"max-image-preview:large","max-video-preview":"max-video-preview:-1"},"canonical":"https:\/\/nicolitos.com\/wp\/shop\/didaticos-com-som\/","og_locale":"pt_PT","og_type":"article","og_title":"Dinossauro Did\u00e1tico - Nicolitos","og_description":"Este dinossauro com cara de traquina ser\u00e1 o melhor amigo do seu pequeno a partir de agora. Um dinossauro pronto para deixar o mais pequeno da casa feliz com as suas melodias e sons. O dinossauro \u00e9 um brinquedo musical muito simples e ao mesmo tempo muito divertido. Interage com os seus bot\u00f5es e luzes e \u00e9 leve e f\u00e1cil de transportar gra\u00e7as \u00e0 sua al\u00e7a \u00b7 Recomendado para +12 meses \u00b7 Funciona com baterias. \u00b7 Material: ABS.","og_url":"https:\/\/nicolitos.com\/wp\/shop\/didaticos-com-som\/","og_site_name":"Nicolitos","article_publisher":"https:\/\/www.facebook.com\/NicolitosMM","article_modified_time":"2024-05-07T15:39:10+00:00","og_image":[{"width":2067,"height":1654,"url":"https:\/\/nicolitos.com\/wp\/wp-content\/uploads\/2024\/03\/3951.jpg","type":"image\/jpeg"}],"twitter_card":"summary_large_image","schema":{"@context":"https:\/\/schema.org","@graph":[{"@type":"WebPage","@id":"https:\/\/nicolitos.com\/wp\/shop\/didaticos-com-som\/","url":"https:\/\/nicolitos.com\/wp\/shop\/didaticos-com-som\/","name":"Dinossauro Did\u00e1tico - Nicolitos","isPartOf":{"@id":"https:\/\/nicolitos.com\/wp\/#website"},"primaryImageOfPage":{"@id":"https:\/\/nicolitos.com\/wp\/shop\/didaticos-com-som\/#primaryimage"},"image":{"@id":"https:\/\/nicolitos.com\/wp\/shop\/didaticos-com-som\/#primaryimage"},"thumbnailUrl":"https:\/\/nicolitos.com\/wp\/wp-content\/uploads\/2024\/03\/3951.jpg","datePublished":"2024-03-28T15:42:57+00:00","dateModified":"2024-05-07T15:39:10+00:00","breadcrumb":{"@id":"https:\/\/nicolitos.com\/wp\/shop\/didaticos-com-som\/#breadcrumb"},"inLanguage":"pt-PT","potentialAction":[{"@type":"ReadAction","target":["https:\/\/nicolitos.com\/wp\/shop\/didaticos-com-som\/"]}]},{"@type":"ImageObject","inLanguage":"pt-PT","@id":"https:\/\/nicolitos.com\/wp\/shop\/didaticos-com-som\/#primaryimage","url":"https:\/\/nicolitos.com\/wp\/wp-content\/uploads\/2024\/03\/3951.jpg","contentUrl":"https:\/\/nicolitos.com\/wp\/wp-content\/uploads\/2024\/03\/3951.jpg","width":2067,"height":1654},{"@type":"BreadcrumbList","@id":"https:\/\/nicolitos.com\/wp\/shop\/didaticos-com-som\/#breadcrumb","itemListElement":[{"@type":"ListItem","position":1,"name":"In\u00edcio","item":"https:\/\/nicolitos.com\/wp\/"},{"@type":"ListItem","position":2,"name":"Loja","item":"https:\/\/nicolitos.com\/wp\/shop\/"},{"@type":"ListItem","position":3,"name":"Dinossauro Did\u00e1tico"}]},{"@type":"WebSite","@id":"https:\/\/nicolitos.com\/wp\/#website","url":"https:\/\/nicolitos.com\/wp\/","name":"Nicolitos - Artigos de b\u00e9b\u00e9 e crian\u00e7a","description":"Nicolitos - Loja de Artigos para b\u00e9b\u00e9 e crian\u00e7a","publisher":{"@id":"https:\/\/nicolitos.com\/wp\/#organization"},"potentialAction":[{"@type":"SearchAction","target":{"@type":"EntryPoint","urlTemplate":"https:\/\/nicolitos.com\/wp\/?s={search_term_string}"},"query-input":{"@type":"PropertyValueSpecification","valueRequired":true,"valueName":"search_term_string"}}],"inLanguage":"pt-PT"},{"@type":"Organization","@id":"https:\/\/nicolitos.com\/wp\/#organization","name":"Nicolitos","url":"https:\/\/nicolitos.com\/wp\/","logo":{"@type":"ImageObject","inLanguage":"pt-PT","@id":"https:\/\/nicolitos.com\/wp\/#\/schema\/logo\/image\/","url":"https:\/\/nicolitos.com\/wp\/wp-content\/uploads\/2024\/05\/2-removebg-preview.png","contentUrl":"https:\/\/nicolitos.com\/wp\/wp-content\/uploads\/2024\/05\/2-removebg-preview.png","width":300,"height":283,"caption":"Nicolitos"},"image":{"@id":"https:\/\/nicolitos.com\/wp\/#\/schema\/logo\/image\/"},"sameAs":["https:\/\/www.facebook.com\/NicolitosMM","https:\/\/www.instagram.com\/nicolitosmm\/","https:\/\/www.tiktok.com\/@nicolitosmm"]}]}},"_links":{"self":[{"href":"https:\/\/nicolitos.com\/wp\/wp-json\/wp\/v2\/product\/489","targetHints":{"allow":["GET"]}}],"collection":[{"href":"https:\/\/nicolitos.com\/wp\/wp-json\/wp\/v2\/product"}],"about":[{"href":"https:\/\/nicolitos.com\/wp\/wp-json\/wp\/v2\/types\/product"}],"replies":[{"embeddable":true,"href":"https:\/\/nicolitos.com\/wp\/wp-json\/wp\/v2\/comments?post=489"}],"wp:featuredmedia":[{"embeddable":true,"href":"https:\/\/nicolitos.com\/wp\/wp-json\/wp\/v2\/media\/3112"}],"wp:attachment":[{"href":"https:\/\/nicolitos.com\/wp\/wp-json\/wp\/v2\/media?parent=489"}],"wp:term":[{"taxonomy":"product_cat","embeddable":true,"href":"https:\/\/nicolitos.com\/wp\/wp-json\/wp\/v2\/product_cat?post=489"},{"taxonomy":"product_tag","embeddable":true,"href":"https:\/\/nicolitos.com\/wp\/wp-json\/wp\/v2\/product_tag?post=489"}],"curies":[{"name":"wp","href":"https:\/\/api.w.org\/{rel}","templated":true}]}}