{"id":544,"date":"2024-03-28T15:43:02","date_gmt":"2024-03-28T15:43:02","guid":{"rendered":"https:\/\/nicolitos.com\/wp\/produto\/puzzle-duo-animais\/"},"modified":"2024-05-10T16:13:13","modified_gmt":"2024-05-10T16:13:13","slug":"puzzle-duo-animais","status":"publish","type":"product","link":"https:\/\/nicolitos.com\/wp\/shop\/puzzle-duo-animais\/","title":{"rendered":"Puzzle Duo Animais"},"content":{"rendered":"<p><b>Obs:\u00a0<\/b>Nathalie Choux<br \/>\n<b>Tamanho:\u00a0<\/b>12,4 x 18,3 x 6,5 cm.<br \/>\n<b>Composi\u00e7\u00e3o:\u00a0<\/b>Cart\u00e3o<br \/>\n<b>Idade:\u00a0<\/b>+ 2 anos<br \/>\n<b>Desc. T\u00e9cnica:\u00a0<\/b>Este jogo educativo combina compreens\u00e3o e aprendizagem com divers\u00e3o, e est\u00e1 projetado para transformar conceitos dif\u00edceis de entender numa atividade divertida. S\u00e3o feitos de cart\u00e3o resistente e embalados em caixas de cores atrativas. Indicado para + de 2 anos. 10 puzzles\/ 20 pe\u00e7as. Caixa: 18 x 12 x 6 cm. Neste jogo, a crian\u00e7a dever\u00e1 conectar os corpos dos animais. Desenvolve a aprendizagem das cores e dos animais.<\/p>\n","protected":false},"excerpt":{"rendered":"<p>Obs:\u00a0Nathalie Choux Tamanho:\u00a012,4 x 18,3 x 6,5 cm. Composi\u00e7\u00e3o:\u00a0Cart\u00e3o Idade:\u00a0+ 2 anos Desc. T\u00e9cnica:\u00a0Este jogo educativo combina compreens\u00e3o e aprendizagem com divers\u00e3o, e est\u00e1 projetado para transformar conceitos dif\u00edceis de entender numa atividade divertida. S\u00e3o feitos de cart\u00e3o resistente e embalados em caixas de cores atrativas. Indicado para + de 2 anos. 10 puzzles\/ 20 pe\u00e7as. Caixa: 18 x 12 x 6 cm. Neste jogo, a crian\u00e7a dever\u00e1 conectar os corpos dos animais. Desenvolve a aprendizagem das cores e dos animais.<\/p>\n","protected":false},"featured_media":1687,"comment_status":"open","ping_status":"closed","template":"","meta":{"_acf_changed":false,"_themeisle_gutenberg_block_has_review":false},"product_cat":[421,422],"product_tag":[],"class_list":{"0":"post-544","1":"product","2":"type-product","3":"status-publish","4":"has-post-thumbnail","6":"product_cat-jogos","7":"product_cat-puzzles","8":"product_shipping_class-peso-500gr","10":"first","11":"instock","12":"taxable","13":"shipping-taxable","14":"purchasable","15":"product-type-simple"},"acf":[],"yoast_head":"<!-- This site is optimized with the Yoast SEO plugin v24.2 - https:\/\/yoast.com\/wordpress\/plugins\/seo\/ -->\n<title>Puzzle Duo Animais - Nicolitos<\/title>\n<meta name=\"robots\" content=\"index, follow, max-snippet:-1, max-image-preview:large, max-video-preview:-1\" \/>\n<link rel=\"canonical\" href=\"https:\/\/nicolitos.com\/wp\/shop\/puzzle-duo-animais\/\" \/>\n<meta property=\"og:locale\" content=\"pt_PT\" \/>\n<meta property=\"og:type\" content=\"article\" \/>\n<meta property=\"og:title\" content=\"Puzzle Duo Animais - Nicolitos\" \/>\n<meta property=\"og:description\" content=\"Obs:\u00a0Nathalie Choux Tamanho:\u00a012,4 x 18,3 x 6,5 cm. Composi\u00e7\u00e3o:\u00a0Cart\u00e3o Idade:\u00a0+ 2 anos Desc. T\u00e9cnica:\u00a0Este jogo educativo combina compreens\u00e3o e aprendizagem com divers\u00e3o, e est\u00e1 projetado para transformar conceitos dif\u00edceis de entender numa atividade divertida. S\u00e3o feitos de cart\u00e3o resistente e embalados em caixas de cores atrativas. Indicado para + de 2 anos. 10 puzzles\/ 20 pe\u00e7as. Caixa: 18 x 12 x 6 cm. Neste jogo, a crian\u00e7a dever\u00e1 conectar os corpos dos animais. Desenvolve a aprendizagem das cores e dos animais.\" \/>\n<meta property=\"og:url\" content=\"https:\/\/nicolitos.com\/wp\/shop\/puzzle-duo-animais\/\" \/>\n<meta property=\"og:site_name\" content=\"Nicolitos\" \/>\n<meta property=\"article:publisher\" content=\"https:\/\/www.facebook.com\/NicolitosMM\" \/>\n<meta property=\"article:modified_time\" content=\"2024-05-10T16:13:13+00:00\" \/>\n<meta property=\"og:image\" content=\"https:\/\/nicolitos.com\/wp\/wp-content\/uploads\/2024\/04\/DJ08147-B3D-RVB.jpg\" \/>\n\t<meta property=\"og:image:width\" content=\"1700\" \/>\n\t<meta property=\"og:image:height\" content=\"1700\" \/>\n\t<meta property=\"og:image:type\" content=\"image\/jpeg\" \/>\n<meta name=\"twitter:card\" content=\"summary_large_image\" \/>\n<meta name=\"twitter:label1\" content=\"Tempo estimado de leitura\" \/>\n\t<meta name=\"twitter:data1\" content=\"1 minuto\" \/>\n<script type=\"application\/ld+json\" class=\"yoast-schema-graph\">{\"@context\":\"https:\/\/schema.org\",\"@graph\":[{\"@type\":\"WebPage\",\"@id\":\"https:\/\/nicolitos.com\/wp\/shop\/puzzle-duo-animais\/\",\"url\":\"https:\/\/nicolitos.com\/wp\/shop\/puzzle-duo-animais\/\",\"name\":\"Puzzle Duo Animais - Nicolitos\",\"isPartOf\":{\"@id\":\"https:\/\/nicolitos.com\/wp\/#website\"},\"primaryImageOfPage\":{\"@id\":\"https:\/\/nicolitos.com\/wp\/shop\/puzzle-duo-animais\/#primaryimage\"},\"image\":{\"@id\":\"https:\/\/nicolitos.com\/wp\/shop\/puzzle-duo-animais\/#primaryimage\"},\"thumbnailUrl\":\"https:\/\/nicolitos.com\/wp\/wp-content\/uploads\/2024\/04\/DJ08147-B3D-RVB.jpg\",\"datePublished\":\"2024-03-28T15:43:02+00:00\",\"dateModified\":\"2024-05-10T16:13:13+00:00\",\"breadcrumb\":{\"@id\":\"https:\/\/nicolitos.com\/wp\/shop\/puzzle-duo-animais\/#breadcrumb\"},\"inLanguage\":\"pt-PT\",\"potentialAction\":[{\"@type\":\"ReadAction\",\"target\":[\"https:\/\/nicolitos.com\/wp\/shop\/puzzle-duo-animais\/\"]}]},{\"@type\":\"ImageObject\",\"inLanguage\":\"pt-PT\",\"@id\":\"https:\/\/nicolitos.com\/wp\/shop\/puzzle-duo-animais\/#primaryimage\",\"url\":\"https:\/\/nicolitos.com\/wp\/wp-content\/uploads\/2024\/04\/DJ08147-B3D-RVB.jpg\",\"contentUrl\":\"https:\/\/nicolitos.com\/wp\/wp-content\/uploads\/2024\/04\/DJ08147-B3D-RVB.jpg\",\"width\":1700,\"height\":1700},{\"@type\":\"BreadcrumbList\",\"@id\":\"https:\/\/nicolitos.com\/wp\/shop\/puzzle-duo-animais\/#breadcrumb\",\"itemListElement\":[{\"@type\":\"ListItem\",\"position\":1,\"name\":\"In\u00edcio\",\"item\":\"https:\/\/nicolitos.com\/wp\/\"},{\"@type\":\"ListItem\",\"position\":2,\"name\":\"Loja\",\"item\":\"https:\/\/nicolitos.com\/wp\/shop\/\"},{\"@type\":\"ListItem\",\"position\":3,\"name\":\"Puzzle Duo Animais\"}]},{\"@type\":\"WebSite\",\"@id\":\"https:\/\/nicolitos.com\/wp\/#website\",\"url\":\"https:\/\/nicolitos.com\/wp\/\",\"name\":\"Nicolitos - Artigos de b\u00e9b\u00e9 e crian\u00e7a\",\"description\":\"Nicolitos - Loja de Artigos para b\u00e9b\u00e9 e crian\u00e7a\",\"publisher\":{\"@id\":\"https:\/\/nicolitos.com\/wp\/#organization\"},\"potentialAction\":[{\"@type\":\"SearchAction\",\"target\":{\"@type\":\"EntryPoint\",\"urlTemplate\":\"https:\/\/nicolitos.com\/wp\/?s={search_term_string}\"},\"query-input\":{\"@type\":\"PropertyValueSpecification\",\"valueRequired\":true,\"valueName\":\"search_term_string\"}}],\"inLanguage\":\"pt-PT\"},{\"@type\":\"Organization\",\"@id\":\"https:\/\/nicolitos.com\/wp\/#organization\",\"name\":\"Nicolitos\",\"url\":\"https:\/\/nicolitos.com\/wp\/\",\"logo\":{\"@type\":\"ImageObject\",\"inLanguage\":\"pt-PT\",\"@id\":\"https:\/\/nicolitos.com\/wp\/#\/schema\/logo\/image\/\",\"url\":\"https:\/\/nicolitos.com\/wp\/wp-content\/uploads\/2024\/05\/2-removebg-preview.png\",\"contentUrl\":\"https:\/\/nicolitos.com\/wp\/wp-content\/uploads\/2024\/05\/2-removebg-preview.png\",\"width\":300,\"height\":283,\"caption\":\"Nicolitos\"},\"image\":{\"@id\":\"https:\/\/nicolitos.com\/wp\/#\/schema\/logo\/image\/\"},\"sameAs\":[\"https:\/\/www.facebook.com\/NicolitosMM\",\"https:\/\/www.instagram.com\/nicolitosmm\/\",\"https:\/\/www.tiktok.com\/@nicolitosmm\"]}]}<\/script>\n<!-- \/ Yoast SEO plugin. -->","yoast_head_json":{"title":"Puzzle Duo Animais - Nicolitos","robots":{"index":"index","follow":"follow","max-snippet":"max-snippet:-1","max-image-preview":"max-image-preview:large","max-video-preview":"max-video-preview:-1"},"canonical":"https:\/\/nicolitos.com\/wp\/shop\/puzzle-duo-animais\/","og_locale":"pt_PT","og_type":"article","og_title":"Puzzle Duo Animais - Nicolitos","og_description":"Obs:\u00a0Nathalie Choux Tamanho:\u00a012,4 x 18,3 x 6,5 cm. Composi\u00e7\u00e3o:\u00a0Cart\u00e3o Idade:\u00a0+ 2 anos Desc. T\u00e9cnica:\u00a0Este jogo educativo combina compreens\u00e3o e aprendizagem com divers\u00e3o, e est\u00e1 projetado para transformar conceitos dif\u00edceis de entender numa atividade divertida. S\u00e3o feitos de cart\u00e3o resistente e embalados em caixas de cores atrativas. Indicado para + de 2 anos. 10 puzzles\/ 20 pe\u00e7as. Caixa: 18 x 12 x 6 cm. Neste jogo, a crian\u00e7a dever\u00e1 conectar os corpos dos animais. Desenvolve a aprendizagem das cores e dos animais.","og_url":"https:\/\/nicolitos.com\/wp\/shop\/puzzle-duo-animais\/","og_site_name":"Nicolitos","article_publisher":"https:\/\/www.facebook.com\/NicolitosMM","article_modified_time":"2024-05-10T16:13:13+00:00","og_image":[{"width":1700,"height":1700,"url":"https:\/\/nicolitos.com\/wp\/wp-content\/uploads\/2024\/04\/DJ08147-B3D-RVB.jpg","type":"image\/jpeg"}],"twitter_card":"summary_large_image","twitter_misc":{"Tempo estimado de leitura":"1 minuto"},"schema":{"@context":"https:\/\/schema.org","@graph":[{"@type":"WebPage","@id":"https:\/\/nicolitos.com\/wp\/shop\/puzzle-duo-animais\/","url":"https:\/\/nicolitos.com\/wp\/shop\/puzzle-duo-animais\/","name":"Puzzle Duo Animais - Nicolitos","isPartOf":{"@id":"https:\/\/nicolitos.com\/wp\/#website"},"primaryImageOfPage":{"@id":"https:\/\/nicolitos.com\/wp\/shop\/puzzle-duo-animais\/#primaryimage"},"image":{"@id":"https:\/\/nicolitos.com\/wp\/shop\/puzzle-duo-animais\/#primaryimage"},"thumbnailUrl":"https:\/\/nicolitos.com\/wp\/wp-content\/uploads\/2024\/04\/DJ08147-B3D-RVB.jpg","datePublished":"2024-03-28T15:43:02+00:00","dateModified":"2024-05-10T16:13:13+00:00","breadcrumb":{"@id":"https:\/\/nicolitos.com\/wp\/shop\/puzzle-duo-animais\/#breadcrumb"},"inLanguage":"pt-PT","potentialAction":[{"@type":"ReadAction","target":["https:\/\/nicolitos.com\/wp\/shop\/puzzle-duo-animais\/"]}]},{"@type":"ImageObject","inLanguage":"pt-PT","@id":"https:\/\/nicolitos.com\/wp\/shop\/puzzle-duo-animais\/#primaryimage","url":"https:\/\/nicolitos.com\/wp\/wp-content\/uploads\/2024\/04\/DJ08147-B3D-RVB.jpg","contentUrl":"https:\/\/nicolitos.com\/wp\/wp-content\/uploads\/2024\/04\/DJ08147-B3D-RVB.jpg","width":1700,"height":1700},{"@type":"BreadcrumbList","@id":"https:\/\/nicolitos.com\/wp\/shop\/puzzle-duo-animais\/#breadcrumb","itemListElement":[{"@type":"ListItem","position":1,"name":"In\u00edcio","item":"https:\/\/nicolitos.com\/wp\/"},{"@type":"ListItem","position":2,"name":"Loja","item":"https:\/\/nicolitos.com\/wp\/shop\/"},{"@type":"ListItem","position":3,"name":"Puzzle Duo Animais"}]},{"@type":"WebSite","@id":"https:\/\/nicolitos.com\/wp\/#website","url":"https:\/\/nicolitos.com\/wp\/","name":"Nicolitos - Artigos de b\u00e9b\u00e9 e crian\u00e7a","description":"Nicolitos - Loja de Artigos para b\u00e9b\u00e9 e crian\u00e7a","publisher":{"@id":"https:\/\/nicolitos.com\/wp\/#organization"},"potentialAction":[{"@type":"SearchAction","target":{"@type":"EntryPoint","urlTemplate":"https:\/\/nicolitos.com\/wp\/?s={search_term_string}"},"query-input":{"@type":"PropertyValueSpecification","valueRequired":true,"valueName":"search_term_string"}}],"inLanguage":"pt-PT"},{"@type":"Organization","@id":"https:\/\/nicolitos.com\/wp\/#organization","name":"Nicolitos","url":"https:\/\/nicolitos.com\/wp\/","logo":{"@type":"ImageObject","inLanguage":"pt-PT","@id":"https:\/\/nicolitos.com\/wp\/#\/schema\/logo\/image\/","url":"https:\/\/nicolitos.com\/wp\/wp-content\/uploads\/2024\/05\/2-removebg-preview.png","contentUrl":"https:\/\/nicolitos.com\/wp\/wp-content\/uploads\/2024\/05\/2-removebg-preview.png","width":300,"height":283,"caption":"Nicolitos"},"image":{"@id":"https:\/\/nicolitos.com\/wp\/#\/schema\/logo\/image\/"},"sameAs":["https:\/\/www.facebook.com\/NicolitosMM","https:\/\/www.instagram.com\/nicolitosmm\/","https:\/\/www.tiktok.com\/@nicolitosmm"]}]}},"_links":{"self":[{"href":"https:\/\/nicolitos.com\/wp\/wp-json\/wp\/v2\/product\/544","targetHints":{"allow":["GET"]}}],"collection":[{"href":"https:\/\/nicolitos.com\/wp\/wp-json\/wp\/v2\/product"}],"about":[{"href":"https:\/\/nicolitos.com\/wp\/wp-json\/wp\/v2\/types\/product"}],"replies":[{"embeddable":true,"href":"https:\/\/nicolitos.com\/wp\/wp-json\/wp\/v2\/comments?post=544"}],"wp:featuredmedia":[{"embeddable":true,"href":"https:\/\/nicolitos.com\/wp\/wp-json\/wp\/v2\/media\/1687"}],"wp:attachment":[{"href":"https:\/\/nicolitos.com\/wp\/wp-json\/wp\/v2\/media?parent=544"}],"wp:term":[{"taxonomy":"product_cat","embeddable":true,"href":"https:\/\/nicolitos.com\/wp\/wp-json\/wp\/v2\/product_cat?post=544"},{"taxonomy":"product_tag","embeddable":true,"href":"https:\/\/nicolitos.com\/wp\/wp-json\/wp\/v2\/product_tag?post=544"}],"curies":[{"name":"wp","href":"https:\/\/api.w.org\/{rel}","templated":true}]}}