{"id":5904,"date":"2024-05-03T11:57:32","date_gmt":"2024-05-03T11:57:32","guid":{"rendered":"https:\/\/nicolitos.com\/wp\/?post_type=product&#038;p=5904"},"modified":"2024-05-07T14:47:23","modified_gmt":"2024-05-07T14:47:23","slug":"jogo-da-memoria","status":"publish","type":"product","link":"https:\/\/nicolitos.com\/wp\/shop\/jogo-da-memoria\/","title":{"rendered":"Jogo da Mem\u00f3ria"},"content":{"rendered":"","protected":false},"excerpt":{"rendered":"","protected":false},"featured_media":5912,"comment_status":"open","ping_status":"closed","template":"","meta":{"_acf_changed":false,"_themeisle_gutenberg_block_has_review":false},"product_cat":[424,421,600],"product_tag":[],"class_list":{"0":"post-5904","1":"product","2":"type-product","3":"status-publish","4":"has-post-thumbnail","6":"product_cat-didaticos","7":"product_cat-jogos","8":"product_cat-promocoes","9":"product_shipping_class-peso-500gr","11":"first","12":"instock","13":"sale","14":"taxable","15":"shipping-taxable","16":"purchasable","17":"product-type-simple"},"acf":[],"yoast_head":"<!-- This site is optimized with the Yoast SEO plugin v24.2 - https:\/\/yoast.com\/wordpress\/plugins\/seo\/ -->\n<title>Jogo da Mem\u00f3ria - Nicolitos<\/title>\n<meta name=\"robots\" content=\"index, follow, max-snippet:-1, max-image-preview:large, max-video-preview:-1\" \/>\n<link rel=\"canonical\" href=\"https:\/\/nicolitos.com\/wp\/shop\/jogo-da-memoria\/\" \/>\n<meta property=\"og:locale\" content=\"pt_PT\" \/>\n<meta property=\"og:type\" content=\"article\" \/>\n<meta property=\"og:title\" content=\"Jogo da Mem\u00f3ria - Nicolitos\" \/>\n<meta property=\"og:url\" content=\"https:\/\/nicolitos.com\/wp\/shop\/jogo-da-memoria\/\" \/>\n<meta property=\"og:site_name\" content=\"Nicolitos\" \/>\n<meta property=\"article:publisher\" content=\"https:\/\/www.facebook.com\/NicolitosMM\" \/>\n<meta property=\"article:modified_time\" content=\"2024-05-07T14:47:23+00:00\" \/>\n<meta property=\"og:image\" content=\"https:\/\/nicolitos.com\/wp\/wp-content\/uploads\/2024\/05\/IMG-20240503-WA0005-removebg-preview.png\" \/>\n\t<meta property=\"og:image:width\" content=\"433\" \/>\n\t<meta property=\"og:image:height\" content=\"577\" \/>\n\t<meta property=\"og:image:type\" content=\"image\/png\" \/>\n<meta name=\"twitter:card\" content=\"summary_large_image\" \/>\n<script type=\"application\/ld+json\" class=\"yoast-schema-graph\">{\"@context\":\"https:\/\/schema.org\",\"@graph\":[{\"@type\":\"WebPage\",\"@id\":\"https:\/\/nicolitos.com\/wp\/shop\/jogo-da-memoria\/\",\"url\":\"https:\/\/nicolitos.com\/wp\/shop\/jogo-da-memoria\/\",\"name\":\"Jogo da Mem\u00f3ria - Nicolitos\",\"isPartOf\":{\"@id\":\"https:\/\/nicolitos.com\/wp\/#website\"},\"primaryImageOfPage\":{\"@id\":\"https:\/\/nicolitos.com\/wp\/shop\/jogo-da-memoria\/#primaryimage\"},\"image\":{\"@id\":\"https:\/\/nicolitos.com\/wp\/shop\/jogo-da-memoria\/#primaryimage\"},\"thumbnailUrl\":\"https:\/\/nicolitos.com\/wp\/wp-content\/uploads\/2024\/05\/IMG-20240503-WA0005-removebg-preview.png\",\"datePublished\":\"2024-05-03T11:57:32+00:00\",\"dateModified\":\"2024-05-07T14:47:23+00:00\",\"breadcrumb\":{\"@id\":\"https:\/\/nicolitos.com\/wp\/shop\/jogo-da-memoria\/#breadcrumb\"},\"inLanguage\":\"pt-PT\",\"potentialAction\":[{\"@type\":\"ReadAction\",\"target\":[\"https:\/\/nicolitos.com\/wp\/shop\/jogo-da-memoria\/\"]}]},{\"@type\":\"ImageObject\",\"inLanguage\":\"pt-PT\",\"@id\":\"https:\/\/nicolitos.com\/wp\/shop\/jogo-da-memoria\/#primaryimage\",\"url\":\"https:\/\/nicolitos.com\/wp\/wp-content\/uploads\/2024\/05\/IMG-20240503-WA0005-removebg-preview.png\",\"contentUrl\":\"https:\/\/nicolitos.com\/wp\/wp-content\/uploads\/2024\/05\/IMG-20240503-WA0005-removebg-preview.png\",\"width\":433,\"height\":577},{\"@type\":\"BreadcrumbList\",\"@id\":\"https:\/\/nicolitos.com\/wp\/shop\/jogo-da-memoria\/#breadcrumb\",\"itemListElement\":[{\"@type\":\"ListItem\",\"position\":1,\"name\":\"In\u00edcio\",\"item\":\"https:\/\/nicolitos.com\/wp\/\"},{\"@type\":\"ListItem\",\"position\":2,\"name\":\"Loja\",\"item\":\"https:\/\/nicolitos.com\/wp\/shop\/\"},{\"@type\":\"ListItem\",\"position\":3,\"name\":\"Jogo da Mem\u00f3ria\"}]},{\"@type\":\"WebSite\",\"@id\":\"https:\/\/nicolitos.com\/wp\/#website\",\"url\":\"https:\/\/nicolitos.com\/wp\/\",\"name\":\"Nicolitos - Artigos de b\u00e9b\u00e9 e crian\u00e7a\",\"description\":\"Nicolitos - Loja de Artigos para b\u00e9b\u00e9 e crian\u00e7a\",\"publisher\":{\"@id\":\"https:\/\/nicolitos.com\/wp\/#organization\"},\"potentialAction\":[{\"@type\":\"SearchAction\",\"target\":{\"@type\":\"EntryPoint\",\"urlTemplate\":\"https:\/\/nicolitos.com\/wp\/?s={search_term_string}\"},\"query-input\":{\"@type\":\"PropertyValueSpecification\",\"valueRequired\":true,\"valueName\":\"search_term_string\"}}],\"inLanguage\":\"pt-PT\"},{\"@type\":\"Organization\",\"@id\":\"https:\/\/nicolitos.com\/wp\/#organization\",\"name\":\"Nicolitos\",\"url\":\"https:\/\/nicolitos.com\/wp\/\",\"logo\":{\"@type\":\"ImageObject\",\"inLanguage\":\"pt-PT\",\"@id\":\"https:\/\/nicolitos.com\/wp\/#\/schema\/logo\/image\/\",\"url\":\"https:\/\/nicolitos.com\/wp\/wp-content\/uploads\/2024\/05\/2-removebg-preview.png\",\"contentUrl\":\"https:\/\/nicolitos.com\/wp\/wp-content\/uploads\/2024\/05\/2-removebg-preview.png\",\"width\":300,\"height\":283,\"caption\":\"Nicolitos\"},\"image\":{\"@id\":\"https:\/\/nicolitos.com\/wp\/#\/schema\/logo\/image\/\"},\"sameAs\":[\"https:\/\/www.facebook.com\/NicolitosMM\",\"https:\/\/www.instagram.com\/nicolitosmm\/\",\"https:\/\/www.tiktok.com\/@nicolitosmm\"]}]}<\/script>\n<!-- \/ Yoast SEO plugin. -->","yoast_head_json":{"title":"Jogo da Mem\u00f3ria - Nicolitos","robots":{"index":"index","follow":"follow","max-snippet":"max-snippet:-1","max-image-preview":"max-image-preview:large","max-video-preview":"max-video-preview:-1"},"canonical":"https:\/\/nicolitos.com\/wp\/shop\/jogo-da-memoria\/","og_locale":"pt_PT","og_type":"article","og_title":"Jogo da Mem\u00f3ria - Nicolitos","og_url":"https:\/\/nicolitos.com\/wp\/shop\/jogo-da-memoria\/","og_site_name":"Nicolitos","article_publisher":"https:\/\/www.facebook.com\/NicolitosMM","article_modified_time":"2024-05-07T14:47:23+00:00","og_image":[{"width":433,"height":577,"url":"https:\/\/nicolitos.com\/wp\/wp-content\/uploads\/2024\/05\/IMG-20240503-WA0005-removebg-preview.png","type":"image\/png"}],"twitter_card":"summary_large_image","schema":{"@context":"https:\/\/schema.org","@graph":[{"@type":"WebPage","@id":"https:\/\/nicolitos.com\/wp\/shop\/jogo-da-memoria\/","url":"https:\/\/nicolitos.com\/wp\/shop\/jogo-da-memoria\/","name":"Jogo da Mem\u00f3ria - Nicolitos","isPartOf":{"@id":"https:\/\/nicolitos.com\/wp\/#website"},"primaryImageOfPage":{"@id":"https:\/\/nicolitos.com\/wp\/shop\/jogo-da-memoria\/#primaryimage"},"image":{"@id":"https:\/\/nicolitos.com\/wp\/shop\/jogo-da-memoria\/#primaryimage"},"thumbnailUrl":"https:\/\/nicolitos.com\/wp\/wp-content\/uploads\/2024\/05\/IMG-20240503-WA0005-removebg-preview.png","datePublished":"2024-05-03T11:57:32+00:00","dateModified":"2024-05-07T14:47:23+00:00","breadcrumb":{"@id":"https:\/\/nicolitos.com\/wp\/shop\/jogo-da-memoria\/#breadcrumb"},"inLanguage":"pt-PT","potentialAction":[{"@type":"ReadAction","target":["https:\/\/nicolitos.com\/wp\/shop\/jogo-da-memoria\/"]}]},{"@type":"ImageObject","inLanguage":"pt-PT","@id":"https:\/\/nicolitos.com\/wp\/shop\/jogo-da-memoria\/#primaryimage","url":"https:\/\/nicolitos.com\/wp\/wp-content\/uploads\/2024\/05\/IMG-20240503-WA0005-removebg-preview.png","contentUrl":"https:\/\/nicolitos.com\/wp\/wp-content\/uploads\/2024\/05\/IMG-20240503-WA0005-removebg-preview.png","width":433,"height":577},{"@type":"BreadcrumbList","@id":"https:\/\/nicolitos.com\/wp\/shop\/jogo-da-memoria\/#breadcrumb","itemListElement":[{"@type":"ListItem","position":1,"name":"In\u00edcio","item":"https:\/\/nicolitos.com\/wp\/"},{"@type":"ListItem","position":2,"name":"Loja","item":"https:\/\/nicolitos.com\/wp\/shop\/"},{"@type":"ListItem","position":3,"name":"Jogo da Mem\u00f3ria"}]},{"@type":"WebSite","@id":"https:\/\/nicolitos.com\/wp\/#website","url":"https:\/\/nicolitos.com\/wp\/","name":"Nicolitos - Artigos de b\u00e9b\u00e9 e crian\u00e7a","description":"Nicolitos - Loja de Artigos para b\u00e9b\u00e9 e crian\u00e7a","publisher":{"@id":"https:\/\/nicolitos.com\/wp\/#organization"},"potentialAction":[{"@type":"SearchAction","target":{"@type":"EntryPoint","urlTemplate":"https:\/\/nicolitos.com\/wp\/?s={search_term_string}"},"query-input":{"@type":"PropertyValueSpecification","valueRequired":true,"valueName":"search_term_string"}}],"inLanguage":"pt-PT"},{"@type":"Organization","@id":"https:\/\/nicolitos.com\/wp\/#organization","name":"Nicolitos","url":"https:\/\/nicolitos.com\/wp\/","logo":{"@type":"ImageObject","inLanguage":"pt-PT","@id":"https:\/\/nicolitos.com\/wp\/#\/schema\/logo\/image\/","url":"https:\/\/nicolitos.com\/wp\/wp-content\/uploads\/2024\/05\/2-removebg-preview.png","contentUrl":"https:\/\/nicolitos.com\/wp\/wp-content\/uploads\/2024\/05\/2-removebg-preview.png","width":300,"height":283,"caption":"Nicolitos"},"image":{"@id":"https:\/\/nicolitos.com\/wp\/#\/schema\/logo\/image\/"},"sameAs":["https:\/\/www.facebook.com\/NicolitosMM","https:\/\/www.instagram.com\/nicolitosmm\/","https:\/\/www.tiktok.com\/@nicolitosmm"]}]}},"_links":{"self":[{"href":"https:\/\/nicolitos.com\/wp\/wp-json\/wp\/v2\/product\/5904","targetHints":{"allow":["GET"]}}],"collection":[{"href":"https:\/\/nicolitos.com\/wp\/wp-json\/wp\/v2\/product"}],"about":[{"href":"https:\/\/nicolitos.com\/wp\/wp-json\/wp\/v2\/types\/product"}],"replies":[{"embeddable":true,"href":"https:\/\/nicolitos.com\/wp\/wp-json\/wp\/v2\/comments?post=5904"}],"wp:featuredmedia":[{"embeddable":true,"href":"https:\/\/nicolitos.com\/wp\/wp-json\/wp\/v2\/media\/5912"}],"wp:attachment":[{"href":"https:\/\/nicolitos.com\/wp\/wp-json\/wp\/v2\/media?parent=5904"}],"wp:term":[{"taxonomy":"product_cat","embeddable":true,"href":"https:\/\/nicolitos.com\/wp\/wp-json\/wp\/v2\/product_cat?post=5904"},{"taxonomy":"product_tag","embeddable":true,"href":"https:\/\/nicolitos.com\/wp\/wp-json\/wp\/v2\/product_tag?post=5904"}],"curies":[{"name":"wp","href":"https:\/\/api.w.org\/{rel}","templated":true}]}}