{"id":6815,"date":"2024-07-18T09:25:01","date_gmt":"2024-07-18T09:25:01","guid":{"rendered":"https:\/\/nicolitos.com\/wp\/?post_type=product&#038;p=6815"},"modified":"2024-10-21T11:35:33","modified_gmt":"2024-10-21T11:35:33","slug":"andarilho-kiokids","status":"publish","type":"product","link":"https:\/\/nicolitos.com\/wp\/shop\/andarilho-kiokids\/","title":{"rendered":"Andarilho KioKids"},"content":{"rendered":"<p><strong>Caracter\u00edsticas:<\/strong><\/p>\n<ul>\n<li>Um piano que pode ser retirado e tocado de forma independente, com o qual far\u00e1 melodias e aprender\u00e1 notas musicais.<\/li>\n<li>Um quadro-negro para fazer as suas obras de arte e aprender a desenhar e se n\u00e3o gostar do desenho, apaga e come\u00e7a de novo. Pode tir\u00e1-lo do andador e lev\u00e1-lo para onde quiser.<\/li>\n<li>Um telem\u00f3vel em formato de ursinho, com ecr\u00e3 e bolinhas dentro que fazem barulho e atraem a aten\u00e7\u00e3o da crian\u00e7a. Este, por sua vez, tamb\u00e9m pode ser removido do andador.<\/li>\n<li>Inclui um livro ilustrado e um telefone de roda com n\u00fameros.<\/li>\n<li>Um brinquedo muito completo, educativo e divertido, ideal para os primeiros passeios e para come\u00e7ar a ter independ\u00eancia.<\/li>\n<li>O piano funciona com 2 pilhas (AA), n\u00e3o inclu\u00eddas.<\/li>\n<\/ul>\n<p><strong>Dimens\u00f5es<\/strong>: 46 x 31 cm.<\/p>\n<p><strong>Idade:<\/strong>\u00a0+18 meses<\/p>\n","protected":false},"excerpt":{"rendered":"<p>Caracter\u00edsticas: Um piano que pode ser retirado e tocado de forma independente, com o qual far\u00e1 melodias e aprender\u00e1 notas musicais. Um quadro-negro para fazer as suas obras de arte e aprender a desenhar e se n\u00e3o gostar do desenho, apaga e come\u00e7a de novo. Pode tir\u00e1-lo do andador e lev\u00e1-lo para onde quiser. Um telem\u00f3vel em formato de ursinho, com ecr\u00e3 e bolinhas dentro que fazem barulho e atraem a aten\u00e7\u00e3o da crian\u00e7a. Este, por sua vez, tamb\u00e9m pode ser removido do andador.&hellip;<\/p>\n","protected":false},"featured_media":7169,"comment_status":"open","ping_status":"closed","template":"","meta":{"_acf_changed":false,"_themeisle_gutenberg_block_has_review":false},"product_cat":[426,473,441,460],"product_tag":[],"class_list":{"0":"post-6815","1":"product","2":"type-product","3":"status-publish","4":"has-post-thumbnail","6":"product_cat-brinquedos","7":"product_cat-didaticos-brinquedos","8":"product_cat-lazer-brinquedos","9":"product_cat-puericultura","10":"product_shipping_class-peso-2kg","12":"first","13":"instock","14":"taxable","15":"shipping-taxable","16":"purchasable","17":"product-type-simple"},"acf":[],"yoast_head":"<!-- This site is optimized with the Yoast SEO plugin v24.2 - https:\/\/yoast.com\/wordpress\/plugins\/seo\/ -->\n<title>Andarilho KioKids - Nicolitos<\/title>\n<meta name=\"robots\" content=\"index, follow, max-snippet:-1, max-image-preview:large, max-video-preview:-1\" \/>\n<link rel=\"canonical\" href=\"https:\/\/nicolitos.com\/wp\/shop\/andarilho-kiokids\/\" \/>\n<meta property=\"og:locale\" content=\"pt_PT\" \/>\n<meta property=\"og:type\" content=\"article\" \/>\n<meta property=\"og:title\" content=\"Andarilho KioKids - Nicolitos\" \/>\n<meta property=\"og:description\" content=\"Caracter\u00edsticas: Um piano que pode ser retirado e tocado de forma independente, com o qual far\u00e1 melodias e aprender\u00e1 notas musicais. Um quadro-negro para fazer as suas obras de arte e aprender a desenhar e se n\u00e3o gostar do desenho, apaga e come\u00e7a de novo. Pode tir\u00e1-lo do andador e lev\u00e1-lo para onde quiser. Um telem\u00f3vel em formato de ursinho, com ecr\u00e3 e bolinhas dentro que fazem barulho e atraem a aten\u00e7\u00e3o da crian\u00e7a. Este, por sua vez, tamb\u00e9m pode ser removido do andador.&hellip;\" \/>\n<meta property=\"og:url\" content=\"https:\/\/nicolitos.com\/wp\/shop\/andarilho-kiokids\/\" \/>\n<meta property=\"og:site_name\" content=\"Nicolitos\" \/>\n<meta property=\"article:publisher\" content=\"https:\/\/www.facebook.com\/NicolitosMM\" \/>\n<meta property=\"article:modified_time\" content=\"2024-10-21T11:35:33+00:00\" \/>\n<meta property=\"og:image\" content=\"https:\/\/nicolitos.com\/wp\/wp-content\/uploads\/2024\/07\/463194218_2288287991534215_7013402976014735082_n-1.jpg\" \/>\n\t<meta property=\"og:image:width\" content=\"1536\" \/>\n\t<meta property=\"og:image:height\" content=\"2048\" \/>\n\t<meta property=\"og:image:type\" content=\"image\/jpeg\" \/>\n<meta name=\"twitter:card\" content=\"summary_large_image\" \/>\n<meta name=\"twitter:label1\" content=\"Tempo estimado de leitura\" \/>\n\t<meta name=\"twitter:data1\" content=\"1 minuto\" \/>\n<script type=\"application\/ld+json\" class=\"yoast-schema-graph\">{\"@context\":\"https:\/\/schema.org\",\"@graph\":[{\"@type\":\"WebPage\",\"@id\":\"https:\/\/nicolitos.com\/wp\/shop\/andarilho-kiokids\/\",\"url\":\"https:\/\/nicolitos.com\/wp\/shop\/andarilho-kiokids\/\",\"name\":\"Andarilho KioKids - Nicolitos\",\"isPartOf\":{\"@id\":\"https:\/\/nicolitos.com\/wp\/#website\"},\"primaryImageOfPage\":{\"@id\":\"https:\/\/nicolitos.com\/wp\/shop\/andarilho-kiokids\/#primaryimage\"},\"image\":{\"@id\":\"https:\/\/nicolitos.com\/wp\/shop\/andarilho-kiokids\/#primaryimage\"},\"thumbnailUrl\":\"https:\/\/nicolitos.com\/wp\/wp-content\/uploads\/2024\/07\/463194218_2288287991534215_7013402976014735082_n-1.jpg\",\"datePublished\":\"2024-07-18T09:25:01+00:00\",\"dateModified\":\"2024-10-21T11:35:33+00:00\",\"breadcrumb\":{\"@id\":\"https:\/\/nicolitos.com\/wp\/shop\/andarilho-kiokids\/#breadcrumb\"},\"inLanguage\":\"pt-PT\",\"potentialAction\":[{\"@type\":\"ReadAction\",\"target\":[\"https:\/\/nicolitos.com\/wp\/shop\/andarilho-kiokids\/\"]}]},{\"@type\":\"ImageObject\",\"inLanguage\":\"pt-PT\",\"@id\":\"https:\/\/nicolitos.com\/wp\/shop\/andarilho-kiokids\/#primaryimage\",\"url\":\"https:\/\/nicolitos.com\/wp\/wp-content\/uploads\/2024\/07\/463194218_2288287991534215_7013402976014735082_n-1.jpg\",\"contentUrl\":\"https:\/\/nicolitos.com\/wp\/wp-content\/uploads\/2024\/07\/463194218_2288287991534215_7013402976014735082_n-1.jpg\",\"width\":1536,\"height\":2048},{\"@type\":\"BreadcrumbList\",\"@id\":\"https:\/\/nicolitos.com\/wp\/shop\/andarilho-kiokids\/#breadcrumb\",\"itemListElement\":[{\"@type\":\"ListItem\",\"position\":1,\"name\":\"In\u00edcio\",\"item\":\"https:\/\/nicolitos.com\/wp\/\"},{\"@type\":\"ListItem\",\"position\":2,\"name\":\"Loja\",\"item\":\"https:\/\/nicolitos.com\/wp\/shop\/\"},{\"@type\":\"ListItem\",\"position\":3,\"name\":\"Andarilho KioKids\"}]},{\"@type\":\"WebSite\",\"@id\":\"https:\/\/nicolitos.com\/wp\/#website\",\"url\":\"https:\/\/nicolitos.com\/wp\/\",\"name\":\"Nicolitos - Artigos de b\u00e9b\u00e9 e crian\u00e7a\",\"description\":\"Nicolitos - Loja de Artigos para b\u00e9b\u00e9 e crian\u00e7a\",\"publisher\":{\"@id\":\"https:\/\/nicolitos.com\/wp\/#organization\"},\"potentialAction\":[{\"@type\":\"SearchAction\",\"target\":{\"@type\":\"EntryPoint\",\"urlTemplate\":\"https:\/\/nicolitos.com\/wp\/?s={search_term_string}\"},\"query-input\":{\"@type\":\"PropertyValueSpecification\",\"valueRequired\":true,\"valueName\":\"search_term_string\"}}],\"inLanguage\":\"pt-PT\"},{\"@type\":\"Organization\",\"@id\":\"https:\/\/nicolitos.com\/wp\/#organization\",\"name\":\"Nicolitos\",\"url\":\"https:\/\/nicolitos.com\/wp\/\",\"logo\":{\"@type\":\"ImageObject\",\"inLanguage\":\"pt-PT\",\"@id\":\"https:\/\/nicolitos.com\/wp\/#\/schema\/logo\/image\/\",\"url\":\"https:\/\/nicolitos.com\/wp\/wp-content\/uploads\/2024\/05\/2-removebg-preview.png\",\"contentUrl\":\"https:\/\/nicolitos.com\/wp\/wp-content\/uploads\/2024\/05\/2-removebg-preview.png\",\"width\":300,\"height\":283,\"caption\":\"Nicolitos\"},\"image\":{\"@id\":\"https:\/\/nicolitos.com\/wp\/#\/schema\/logo\/image\/\"},\"sameAs\":[\"https:\/\/www.facebook.com\/NicolitosMM\",\"https:\/\/www.instagram.com\/nicolitosmm\/\",\"https:\/\/www.tiktok.com\/@nicolitosmm\"]}]}<\/script>\n<!-- \/ Yoast SEO plugin. -->","yoast_head_json":{"title":"Andarilho KioKids - Nicolitos","robots":{"index":"index","follow":"follow","max-snippet":"max-snippet:-1","max-image-preview":"max-image-preview:large","max-video-preview":"max-video-preview:-1"},"canonical":"https:\/\/nicolitos.com\/wp\/shop\/andarilho-kiokids\/","og_locale":"pt_PT","og_type":"article","og_title":"Andarilho KioKids - Nicolitos","og_description":"Caracter\u00edsticas: Um piano que pode ser retirado e tocado de forma independente, com o qual far\u00e1 melodias e aprender\u00e1 notas musicais. Um quadro-negro para fazer as suas obras de arte e aprender a desenhar e se n\u00e3o gostar do desenho, apaga e come\u00e7a de novo. Pode tir\u00e1-lo do andador e lev\u00e1-lo para onde quiser. Um telem\u00f3vel em formato de ursinho, com ecr\u00e3 e bolinhas dentro que fazem barulho e atraem a aten\u00e7\u00e3o da crian\u00e7a. Este, por sua vez, tamb\u00e9m pode ser removido do andador.&hellip;","og_url":"https:\/\/nicolitos.com\/wp\/shop\/andarilho-kiokids\/","og_site_name":"Nicolitos","article_publisher":"https:\/\/www.facebook.com\/NicolitosMM","article_modified_time":"2024-10-21T11:35:33+00:00","og_image":[{"width":1536,"height":2048,"url":"https:\/\/nicolitos.com\/wp\/wp-content\/uploads\/2024\/07\/463194218_2288287991534215_7013402976014735082_n-1.jpg","type":"image\/jpeg"}],"twitter_card":"summary_large_image","twitter_misc":{"Tempo estimado de leitura":"1 minuto"},"schema":{"@context":"https:\/\/schema.org","@graph":[{"@type":"WebPage","@id":"https:\/\/nicolitos.com\/wp\/shop\/andarilho-kiokids\/","url":"https:\/\/nicolitos.com\/wp\/shop\/andarilho-kiokids\/","name":"Andarilho KioKids - Nicolitos","isPartOf":{"@id":"https:\/\/nicolitos.com\/wp\/#website"},"primaryImageOfPage":{"@id":"https:\/\/nicolitos.com\/wp\/shop\/andarilho-kiokids\/#primaryimage"},"image":{"@id":"https:\/\/nicolitos.com\/wp\/shop\/andarilho-kiokids\/#primaryimage"},"thumbnailUrl":"https:\/\/nicolitos.com\/wp\/wp-content\/uploads\/2024\/07\/463194218_2288287991534215_7013402976014735082_n-1.jpg","datePublished":"2024-07-18T09:25:01+00:00","dateModified":"2024-10-21T11:35:33+00:00","breadcrumb":{"@id":"https:\/\/nicolitos.com\/wp\/shop\/andarilho-kiokids\/#breadcrumb"},"inLanguage":"pt-PT","potentialAction":[{"@type":"ReadAction","target":["https:\/\/nicolitos.com\/wp\/shop\/andarilho-kiokids\/"]}]},{"@type":"ImageObject","inLanguage":"pt-PT","@id":"https:\/\/nicolitos.com\/wp\/shop\/andarilho-kiokids\/#primaryimage","url":"https:\/\/nicolitos.com\/wp\/wp-content\/uploads\/2024\/07\/463194218_2288287991534215_7013402976014735082_n-1.jpg","contentUrl":"https:\/\/nicolitos.com\/wp\/wp-content\/uploads\/2024\/07\/463194218_2288287991534215_7013402976014735082_n-1.jpg","width":1536,"height":2048},{"@type":"BreadcrumbList","@id":"https:\/\/nicolitos.com\/wp\/shop\/andarilho-kiokids\/#breadcrumb","itemListElement":[{"@type":"ListItem","position":1,"name":"In\u00edcio","item":"https:\/\/nicolitos.com\/wp\/"},{"@type":"ListItem","position":2,"name":"Loja","item":"https:\/\/nicolitos.com\/wp\/shop\/"},{"@type":"ListItem","position":3,"name":"Andarilho KioKids"}]},{"@type":"WebSite","@id":"https:\/\/nicolitos.com\/wp\/#website","url":"https:\/\/nicolitos.com\/wp\/","name":"Nicolitos - Artigos de b\u00e9b\u00e9 e crian\u00e7a","description":"Nicolitos - Loja de Artigos para b\u00e9b\u00e9 e crian\u00e7a","publisher":{"@id":"https:\/\/nicolitos.com\/wp\/#organization"},"potentialAction":[{"@type":"SearchAction","target":{"@type":"EntryPoint","urlTemplate":"https:\/\/nicolitos.com\/wp\/?s={search_term_string}"},"query-input":{"@type":"PropertyValueSpecification","valueRequired":true,"valueName":"search_term_string"}}],"inLanguage":"pt-PT"},{"@type":"Organization","@id":"https:\/\/nicolitos.com\/wp\/#organization","name":"Nicolitos","url":"https:\/\/nicolitos.com\/wp\/","logo":{"@type":"ImageObject","inLanguage":"pt-PT","@id":"https:\/\/nicolitos.com\/wp\/#\/schema\/logo\/image\/","url":"https:\/\/nicolitos.com\/wp\/wp-content\/uploads\/2024\/05\/2-removebg-preview.png","contentUrl":"https:\/\/nicolitos.com\/wp\/wp-content\/uploads\/2024\/05\/2-removebg-preview.png","width":300,"height":283,"caption":"Nicolitos"},"image":{"@id":"https:\/\/nicolitos.com\/wp\/#\/schema\/logo\/image\/"},"sameAs":["https:\/\/www.facebook.com\/NicolitosMM","https:\/\/www.instagram.com\/nicolitosmm\/","https:\/\/www.tiktok.com\/@nicolitosmm"]}]}},"_links":{"self":[{"href":"https:\/\/nicolitos.com\/wp\/wp-json\/wp\/v2\/product\/6815","targetHints":{"allow":["GET"]}}],"collection":[{"href":"https:\/\/nicolitos.com\/wp\/wp-json\/wp\/v2\/product"}],"about":[{"href":"https:\/\/nicolitos.com\/wp\/wp-json\/wp\/v2\/types\/product"}],"replies":[{"embeddable":true,"href":"https:\/\/nicolitos.com\/wp\/wp-json\/wp\/v2\/comments?post=6815"}],"wp:featuredmedia":[{"embeddable":true,"href":"https:\/\/nicolitos.com\/wp\/wp-json\/wp\/v2\/media\/7169"}],"wp:attachment":[{"href":"https:\/\/nicolitos.com\/wp\/wp-json\/wp\/v2\/media?parent=6815"}],"wp:term":[{"taxonomy":"product_cat","embeddable":true,"href":"https:\/\/nicolitos.com\/wp\/wp-json\/wp\/v2\/product_cat?post=6815"},{"taxonomy":"product_tag","embeddable":true,"href":"https:\/\/nicolitos.com\/wp\/wp-json\/wp\/v2\/product_tag?post=6815"}],"curies":[{"name":"wp","href":"https:\/\/api.w.org\/{rel}","templated":true}]}}