{"id":691,"date":"2024-03-28T15:43:12","date_gmt":"2024-03-28T15:43:12","guid":{"rendered":"https:\/\/nicolitos.com\/wp\/produto\/bolsa-termica-rosa-6l\/"},"modified":"2024-05-07T14:47:10","modified_gmt":"2024-05-07T14:47:10","slug":"bolsa-termica-rosa-6l","status":"publish","type":"product","link":"https:\/\/nicolitos.com\/wp\/shop\/bolsa-termica-rosa-6l\/","title":{"rendered":"Bolsa Termica Rosa 6L"},"content":{"rendered":"<p>Este \u00e9 um item essencial para o dia a dia: uma bolsa t\u00e9rmica para que voc\u00ea possa levar o seu lanche para onde quiser, protegido e mantendo a temperatura ideal. A bolsa t\u00e9rmica vem equipada com uma confort\u00e1vel al\u00e7a acolchoada na parte superior e uma fita para pendur\u00e1-la como bolsa ou bolsa de ombro. Fecha com z\u00edper e possui compartimento termicamente selado no interior, para que n\u00e3o haja vazamentos de l\u00edquidos ou outras subst\u00e2ncias. Al\u00e9m disso, para guardar colheres e pequenos objetos, voc\u00ea encontrar\u00e1 um pequeno bolso de rede no interior. Super pr\u00e1tico e confort\u00e1vel Apesar do tamanho compacto, tem capacidade para 6L, e no m\u00e1ximo 4,8kg, perfeito para transportar recipientes com papas ou fruta e garrafas de \u00e1gua. Preserva o frio e o calor. Um refrigerador ideal para transportar a comida do seu filho. A sua combina\u00e7\u00e3o de cores faz desta bolsa t\u00e9rmica um dos designs mais bonitos e o seu exterior \u00e9 muito resistente! Recomendado a partir de +0 meses.- Material: Poli\u00e9ster.<\/p>\n","protected":false},"excerpt":{"rendered":"<p>Este \u00e9 um item essencial para o dia a dia: uma bolsa t\u00e9rmica para que voc\u00ea possa levar o seu lanche para onde quiser, protegido e mantendo a temperatura ideal. A bolsa t\u00e9rmica vem equipada com uma confort\u00e1vel al\u00e7a acolchoada na parte superior e uma fita para pendur\u00e1-la como bolsa ou bolsa de ombro. Fecha com z\u00edper e possui compartimento termicamente selado no interior, para que n\u00e3o haja vazamentos de l\u00edquidos ou outras subst\u00e2ncias. Al\u00e9m disso, para guardar colheres e pequenos objetos, voc\u00ea encontrar\u00e1&hellip;<\/p>\n","protected":false},"featured_media":2263,"comment_status":"open","ping_status":"closed","template":"","meta":{"_acf_changed":false,"_themeisle_gutenberg_block_has_review":false},"product_cat":[464],"product_tag":[485],"class_list":{"0":"post-691","1":"product","2":"type-product","3":"status-publish","4":"has-post-thumbnail","6":"product_cat-lancheiras","7":"product_tag-kiokids","8":"product_shipping_class-peso-500gr","10":"first","11":"instock","12":"taxable","13":"shipping-taxable","14":"purchasable","15":"product-type-simple"},"acf":[],"yoast_head":"<!-- This site is optimized with the Yoast SEO plugin v24.2 - https:\/\/yoast.com\/wordpress\/plugins\/seo\/ -->\n<title>Bolsa Termica Rosa 6L - Nicolitos<\/title>\n<meta name=\"robots\" content=\"index, follow, max-snippet:-1, max-image-preview:large, max-video-preview:-1\" \/>\n<link rel=\"canonical\" href=\"https:\/\/nicolitos.com\/wp\/shop\/bolsa-termica-rosa-6l\/\" \/>\n<meta property=\"og:locale\" content=\"pt_PT\" \/>\n<meta property=\"og:type\" content=\"article\" \/>\n<meta property=\"og:title\" content=\"Bolsa Termica Rosa 6L - Nicolitos\" \/>\n<meta property=\"og:description\" content=\"Este \u00e9 um item essencial para o dia a dia: uma bolsa t\u00e9rmica para que voc\u00ea possa levar o seu lanche para onde quiser, protegido e mantendo a temperatura ideal. A bolsa t\u00e9rmica vem equipada com uma confort\u00e1vel al\u00e7a acolchoada na parte superior e uma fita para pendur\u00e1-la como bolsa ou bolsa de ombro. Fecha com z\u00edper e possui compartimento termicamente selado no interior, para que n\u00e3o haja vazamentos de l\u00edquidos ou outras subst\u00e2ncias. Al\u00e9m disso, para guardar colheres e pequenos objetos, voc\u00ea encontrar\u00e1&hellip;\" \/>\n<meta property=\"og:url\" content=\"https:\/\/nicolitos.com\/wp\/shop\/bolsa-termica-rosa-6l\/\" \/>\n<meta property=\"og:site_name\" content=\"Nicolitos\" \/>\n<meta property=\"article:publisher\" content=\"https:\/\/www.facebook.com\/NicolitosMM\" \/>\n<meta property=\"article:modified_time\" content=\"2024-05-07T14:47:10+00:00\" \/>\n<meta property=\"og:image\" content=\"https:\/\/nicolitos.com\/wp\/wp-content\/uploads\/2024\/04\/3301.jpg\" \/>\n\t<meta property=\"og:image:width\" content=\"2067\" \/>\n\t<meta property=\"og:image:height\" content=\"1654\" \/>\n\t<meta property=\"og:image:type\" content=\"image\/jpeg\" \/>\n<meta name=\"twitter:card\" content=\"summary_large_image\" \/>\n<meta name=\"twitter:label1\" content=\"Tempo estimado de leitura\" \/>\n\t<meta name=\"twitter:data1\" content=\"1 minuto\" \/>\n<script type=\"application\/ld+json\" class=\"yoast-schema-graph\">{\"@context\":\"https:\/\/schema.org\",\"@graph\":[{\"@type\":\"WebPage\",\"@id\":\"https:\/\/nicolitos.com\/wp\/shop\/bolsa-termica-rosa-6l\/\",\"url\":\"https:\/\/nicolitos.com\/wp\/shop\/bolsa-termica-rosa-6l\/\",\"name\":\"Bolsa Termica Rosa 6L - Nicolitos\",\"isPartOf\":{\"@id\":\"https:\/\/nicolitos.com\/wp\/#website\"},\"primaryImageOfPage\":{\"@id\":\"https:\/\/nicolitos.com\/wp\/shop\/bolsa-termica-rosa-6l\/#primaryimage\"},\"image\":{\"@id\":\"https:\/\/nicolitos.com\/wp\/shop\/bolsa-termica-rosa-6l\/#primaryimage\"},\"thumbnailUrl\":\"https:\/\/nicolitos.com\/wp\/wp-content\/uploads\/2024\/04\/3301.jpg\",\"datePublished\":\"2024-03-28T15:43:12+00:00\",\"dateModified\":\"2024-05-07T14:47:10+00:00\",\"breadcrumb\":{\"@id\":\"https:\/\/nicolitos.com\/wp\/shop\/bolsa-termica-rosa-6l\/#breadcrumb\"},\"inLanguage\":\"pt-PT\",\"potentialAction\":[{\"@type\":\"ReadAction\",\"target\":[\"https:\/\/nicolitos.com\/wp\/shop\/bolsa-termica-rosa-6l\/\"]}]},{\"@type\":\"ImageObject\",\"inLanguage\":\"pt-PT\",\"@id\":\"https:\/\/nicolitos.com\/wp\/shop\/bolsa-termica-rosa-6l\/#primaryimage\",\"url\":\"https:\/\/nicolitos.com\/wp\/wp-content\/uploads\/2024\/04\/3301.jpg\",\"contentUrl\":\"https:\/\/nicolitos.com\/wp\/wp-content\/uploads\/2024\/04\/3301.jpg\",\"width\":2067,\"height\":1654},{\"@type\":\"BreadcrumbList\",\"@id\":\"https:\/\/nicolitos.com\/wp\/shop\/bolsa-termica-rosa-6l\/#breadcrumb\",\"itemListElement\":[{\"@type\":\"ListItem\",\"position\":1,\"name\":\"In\u00edcio\",\"item\":\"https:\/\/nicolitos.com\/wp\/\"},{\"@type\":\"ListItem\",\"position\":2,\"name\":\"Loja\",\"item\":\"https:\/\/nicolitos.com\/wp\/shop\/\"},{\"@type\":\"ListItem\",\"position\":3,\"name\":\"Bolsa Termica Rosa 6L\"}]},{\"@type\":\"WebSite\",\"@id\":\"https:\/\/nicolitos.com\/wp\/#website\",\"url\":\"https:\/\/nicolitos.com\/wp\/\",\"name\":\"Nicolitos - Artigos de b\u00e9b\u00e9 e crian\u00e7a\",\"description\":\"Nicolitos - Loja de Artigos para b\u00e9b\u00e9 e crian\u00e7a\",\"publisher\":{\"@id\":\"https:\/\/nicolitos.com\/wp\/#organization\"},\"potentialAction\":[{\"@type\":\"SearchAction\",\"target\":{\"@type\":\"EntryPoint\",\"urlTemplate\":\"https:\/\/nicolitos.com\/wp\/?s={search_term_string}\"},\"query-input\":{\"@type\":\"PropertyValueSpecification\",\"valueRequired\":true,\"valueName\":\"search_term_string\"}}],\"inLanguage\":\"pt-PT\"},{\"@type\":\"Organization\",\"@id\":\"https:\/\/nicolitos.com\/wp\/#organization\",\"name\":\"Nicolitos\",\"url\":\"https:\/\/nicolitos.com\/wp\/\",\"logo\":{\"@type\":\"ImageObject\",\"inLanguage\":\"pt-PT\",\"@id\":\"https:\/\/nicolitos.com\/wp\/#\/schema\/logo\/image\/\",\"url\":\"https:\/\/nicolitos.com\/wp\/wp-content\/uploads\/2024\/05\/2-removebg-preview.png\",\"contentUrl\":\"https:\/\/nicolitos.com\/wp\/wp-content\/uploads\/2024\/05\/2-removebg-preview.png\",\"width\":300,\"height\":283,\"caption\":\"Nicolitos\"},\"image\":{\"@id\":\"https:\/\/nicolitos.com\/wp\/#\/schema\/logo\/image\/\"},\"sameAs\":[\"https:\/\/www.facebook.com\/NicolitosMM\",\"https:\/\/www.instagram.com\/nicolitosmm\/\",\"https:\/\/www.tiktok.com\/@nicolitosmm\"]}]}<\/script>\n<!-- \/ Yoast SEO plugin. -->","yoast_head_json":{"title":"Bolsa Termica Rosa 6L - Nicolitos","robots":{"index":"index","follow":"follow","max-snippet":"max-snippet:-1","max-image-preview":"max-image-preview:large","max-video-preview":"max-video-preview:-1"},"canonical":"https:\/\/nicolitos.com\/wp\/shop\/bolsa-termica-rosa-6l\/","og_locale":"pt_PT","og_type":"article","og_title":"Bolsa Termica Rosa 6L - Nicolitos","og_description":"Este \u00e9 um item essencial para o dia a dia: uma bolsa t\u00e9rmica para que voc\u00ea possa levar o seu lanche para onde quiser, protegido e mantendo a temperatura ideal. A bolsa t\u00e9rmica vem equipada com uma confort\u00e1vel al\u00e7a acolchoada na parte superior e uma fita para pendur\u00e1-la como bolsa ou bolsa de ombro. Fecha com z\u00edper e possui compartimento termicamente selado no interior, para que n\u00e3o haja vazamentos de l\u00edquidos ou outras subst\u00e2ncias. Al\u00e9m disso, para guardar colheres e pequenos objetos, voc\u00ea encontrar\u00e1&hellip;","og_url":"https:\/\/nicolitos.com\/wp\/shop\/bolsa-termica-rosa-6l\/","og_site_name":"Nicolitos","article_publisher":"https:\/\/www.facebook.com\/NicolitosMM","article_modified_time":"2024-05-07T14:47:10+00:00","og_image":[{"width":2067,"height":1654,"url":"https:\/\/nicolitos.com\/wp\/wp-content\/uploads\/2024\/04\/3301.jpg","type":"image\/jpeg"}],"twitter_card":"summary_large_image","twitter_misc":{"Tempo estimado de leitura":"1 minuto"},"schema":{"@context":"https:\/\/schema.org","@graph":[{"@type":"WebPage","@id":"https:\/\/nicolitos.com\/wp\/shop\/bolsa-termica-rosa-6l\/","url":"https:\/\/nicolitos.com\/wp\/shop\/bolsa-termica-rosa-6l\/","name":"Bolsa Termica Rosa 6L - Nicolitos","isPartOf":{"@id":"https:\/\/nicolitos.com\/wp\/#website"},"primaryImageOfPage":{"@id":"https:\/\/nicolitos.com\/wp\/shop\/bolsa-termica-rosa-6l\/#primaryimage"},"image":{"@id":"https:\/\/nicolitos.com\/wp\/shop\/bolsa-termica-rosa-6l\/#primaryimage"},"thumbnailUrl":"https:\/\/nicolitos.com\/wp\/wp-content\/uploads\/2024\/04\/3301.jpg","datePublished":"2024-03-28T15:43:12+00:00","dateModified":"2024-05-07T14:47:10+00:00","breadcrumb":{"@id":"https:\/\/nicolitos.com\/wp\/shop\/bolsa-termica-rosa-6l\/#breadcrumb"},"inLanguage":"pt-PT","potentialAction":[{"@type":"ReadAction","target":["https:\/\/nicolitos.com\/wp\/shop\/bolsa-termica-rosa-6l\/"]}]},{"@type":"ImageObject","inLanguage":"pt-PT","@id":"https:\/\/nicolitos.com\/wp\/shop\/bolsa-termica-rosa-6l\/#primaryimage","url":"https:\/\/nicolitos.com\/wp\/wp-content\/uploads\/2024\/04\/3301.jpg","contentUrl":"https:\/\/nicolitos.com\/wp\/wp-content\/uploads\/2024\/04\/3301.jpg","width":2067,"height":1654},{"@type":"BreadcrumbList","@id":"https:\/\/nicolitos.com\/wp\/shop\/bolsa-termica-rosa-6l\/#breadcrumb","itemListElement":[{"@type":"ListItem","position":1,"name":"In\u00edcio","item":"https:\/\/nicolitos.com\/wp\/"},{"@type":"ListItem","position":2,"name":"Loja","item":"https:\/\/nicolitos.com\/wp\/shop\/"},{"@type":"ListItem","position":3,"name":"Bolsa Termica Rosa 6L"}]},{"@type":"WebSite","@id":"https:\/\/nicolitos.com\/wp\/#website","url":"https:\/\/nicolitos.com\/wp\/","name":"Nicolitos - Artigos de b\u00e9b\u00e9 e crian\u00e7a","description":"Nicolitos - Loja de Artigos para b\u00e9b\u00e9 e crian\u00e7a","publisher":{"@id":"https:\/\/nicolitos.com\/wp\/#organization"},"potentialAction":[{"@type":"SearchAction","target":{"@type":"EntryPoint","urlTemplate":"https:\/\/nicolitos.com\/wp\/?s={search_term_string}"},"query-input":{"@type":"PropertyValueSpecification","valueRequired":true,"valueName":"search_term_string"}}],"inLanguage":"pt-PT"},{"@type":"Organization","@id":"https:\/\/nicolitos.com\/wp\/#organization","name":"Nicolitos","url":"https:\/\/nicolitos.com\/wp\/","logo":{"@type":"ImageObject","inLanguage":"pt-PT","@id":"https:\/\/nicolitos.com\/wp\/#\/schema\/logo\/image\/","url":"https:\/\/nicolitos.com\/wp\/wp-content\/uploads\/2024\/05\/2-removebg-preview.png","contentUrl":"https:\/\/nicolitos.com\/wp\/wp-content\/uploads\/2024\/05\/2-removebg-preview.png","width":300,"height":283,"caption":"Nicolitos"},"image":{"@id":"https:\/\/nicolitos.com\/wp\/#\/schema\/logo\/image\/"},"sameAs":["https:\/\/www.facebook.com\/NicolitosMM","https:\/\/www.instagram.com\/nicolitosmm\/","https:\/\/www.tiktok.com\/@nicolitosmm"]}]}},"_links":{"self":[{"href":"https:\/\/nicolitos.com\/wp\/wp-json\/wp\/v2\/product\/691","targetHints":{"allow":["GET"]}}],"collection":[{"href":"https:\/\/nicolitos.com\/wp\/wp-json\/wp\/v2\/product"}],"about":[{"href":"https:\/\/nicolitos.com\/wp\/wp-json\/wp\/v2\/types\/product"}],"replies":[{"embeddable":true,"href":"https:\/\/nicolitos.com\/wp\/wp-json\/wp\/v2\/comments?post=691"}],"wp:featuredmedia":[{"embeddable":true,"href":"https:\/\/nicolitos.com\/wp\/wp-json\/wp\/v2\/media\/2263"}],"wp:attachment":[{"href":"https:\/\/nicolitos.com\/wp\/wp-json\/wp\/v2\/media?parent=691"}],"wp:term":[{"taxonomy":"product_cat","embeddable":true,"href":"https:\/\/nicolitos.com\/wp\/wp-json\/wp\/v2\/product_cat?post=691"},{"taxonomy":"product_tag","embeddable":true,"href":"https:\/\/nicolitos.com\/wp\/wp-json\/wp\/v2\/product_tag?post=691"}],"curies":[{"name":"wp","href":"https:\/\/api.w.org\/{rel}","templated":true}]}}