{"id":7005,"date":"2024-08-22T09:51:32","date_gmt":"2024-08-22T09:51:32","guid":{"rendered":"https:\/\/nicolitos.com\/wp\/?post_type=product&#038;p=7005"},"modified":"2024-08-22T10:17:07","modified_gmt":"2024-08-22T10:17:07","slug":"mochila-gamer-aurea","status":"publish","type":"product","link":"https:\/\/nicolitos.com\/wp\/shop\/mochila-gamer-aurea\/","title":{"rendered":"Mochila Gamer (AUREA)"},"content":{"rendered":"<p>Descri\u00e7\u00e3o:<\/p>\n<h3 class=\"font-m bold h-mb-1\" data-v-4f1cc995=\"\">Mochila AUREA KIDS Gamers<\/h3>\n<div class=\"rich-text-wrapper\" data-v-962648e5=\"\" data-v-4f1cc995=\"\">\n<div class=\"ql-container ql-snow\" data-v-962648e5=\"\">\n<div class=\"ql-editor\" data-v-962648e5=\"\">\n<div data-v-962648e5=\"\">\n<p>Compartimento interior para tablet\\nFecho com clip no peito\\nAl\u00e7as ajust\u00e1veis e Acolchoadas\\nPega decorativa em cada fecho de correr\\nBolso. Compartimento para garrafas de lado com faixas refletoras.\u00a0 Compartimentos exteriores, imperme\u00e1vel\\nPorta-chaves com motivos gamer.<\/p>\n<\/div>\n<\/div>\n<\/div>\n<\/div>\n<p><strong>Medidas: <\/strong>42x30x15cm<\/p>\n","protected":false},"excerpt":{"rendered":"<p>Descri\u00e7\u00e3o: Mochila AUREA KIDS Gamers Compartimento interior para tablet\\nFecho com clip no peito\\nAl\u00e7as ajust\u00e1veis e Acolchoadas\\nPega decorativa em cada fecho de correr\\nBolso. Compartimento para garrafas de lado com faixas refletoras.\u00a0 Compartimentos exteriores, imperme\u00e1vel\\nPorta-chaves com motivos gamer. Medidas: 42x30x15cm<\/p>\n","protected":false},"featured_media":7006,"comment_status":"open","ping_status":"closed","template":"","meta":{"_acf_changed":false,"_themeisle_gutenberg_block_has_review":false},"product_cat":[410,405],"product_tag":[],"class_list":{"0":"post-7005","1":"product","2":"type-product","3":"status-publish","4":"has-post-thumbnail","6":"product_cat-material-escolar","7":"product_cat-mochilas","8":"product_shipping_class-peso-500gr","10":"first","11":"instock","12":"featured","13":"taxable","14":"shipping-taxable","15":"purchasable","16":"product-type-simple"},"acf":[],"yoast_head":"<!-- This site is optimized with the Yoast SEO plugin v24.2 - https:\/\/yoast.com\/wordpress\/plugins\/seo\/ -->\n<title>Mochila Gamer (AUREA) - Nicolitos<\/title>\n<meta name=\"robots\" content=\"index, follow, max-snippet:-1, max-image-preview:large, max-video-preview:-1\" \/>\n<link rel=\"canonical\" href=\"https:\/\/nicolitos.com\/wp\/shop\/mochila-gamer-aurea\/\" \/>\n<meta property=\"og:locale\" content=\"pt_PT\" \/>\n<meta property=\"og:type\" content=\"article\" \/>\n<meta property=\"og:title\" content=\"Mochila Gamer (AUREA) - Nicolitos\" \/>\n<meta property=\"og:description\" content=\"Descri\u00e7\u00e3o: Mochila AUREA KIDS Gamers Compartimento interior para tabletnFecho com clip no peitonAl\u00e7as ajust\u00e1veis e AcolchoadasnPega decorativa em cada fecho de corrernBolso. Compartimento para garrafas de lado com faixas refletoras.\u00a0 Compartimentos exteriores, imperme\u00e1velnPorta-chaves com motivos gamer. Medidas: 42x30x15cm\" \/>\n<meta property=\"og:url\" content=\"https:\/\/nicolitos.com\/wp\/shop\/mochila-gamer-aurea\/\" \/>\n<meta property=\"og:site_name\" content=\"Nicolitos\" \/>\n<meta property=\"article:publisher\" content=\"https:\/\/www.facebook.com\/NicolitosMM\" \/>\n<meta property=\"article:modified_time\" content=\"2024-08-22T10:17:07+00:00\" \/>\n<meta property=\"og:image\" content=\"https:\/\/nicolitos.com\/wp\/wp-content\/uploads\/2024\/08\/0686871c22f1e04802b36cda7025f3918267396d.webp\" \/>\n\t<meta property=\"og:image:width\" content=\"1140\" \/>\n\t<meta property=\"og:image:height\" content=\"855\" \/>\n\t<meta property=\"og:image:type\" content=\"image\/webp\" \/>\n<meta name=\"twitter:card\" content=\"summary_large_image\" \/>\n<meta name=\"twitter:label1\" content=\"Tempo estimado de leitura\" \/>\n\t<meta name=\"twitter:data1\" content=\"1 minuto\" \/>\n<script type=\"application\/ld+json\" class=\"yoast-schema-graph\">{\"@context\":\"https:\/\/schema.org\",\"@graph\":[{\"@type\":\"WebPage\",\"@id\":\"https:\/\/nicolitos.com\/wp\/shop\/mochila-gamer-aurea\/\",\"url\":\"https:\/\/nicolitos.com\/wp\/shop\/mochila-gamer-aurea\/\",\"name\":\"Mochila Gamer (AUREA) - Nicolitos\",\"isPartOf\":{\"@id\":\"https:\/\/nicolitos.com\/wp\/#website\"},\"primaryImageOfPage\":{\"@id\":\"https:\/\/nicolitos.com\/wp\/shop\/mochila-gamer-aurea\/#primaryimage\"},\"image\":{\"@id\":\"https:\/\/nicolitos.com\/wp\/shop\/mochila-gamer-aurea\/#primaryimage\"},\"thumbnailUrl\":\"https:\/\/nicolitos.com\/wp\/wp-content\/uploads\/2024\/08\/0686871c22f1e04802b36cda7025f3918267396d.webp\",\"datePublished\":\"2024-08-22T09:51:32+00:00\",\"dateModified\":\"2024-08-22T10:17:07+00:00\",\"breadcrumb\":{\"@id\":\"https:\/\/nicolitos.com\/wp\/shop\/mochila-gamer-aurea\/#breadcrumb\"},\"inLanguage\":\"pt-PT\",\"potentialAction\":[{\"@type\":\"ReadAction\",\"target\":[\"https:\/\/nicolitos.com\/wp\/shop\/mochila-gamer-aurea\/\"]}]},{\"@type\":\"ImageObject\",\"inLanguage\":\"pt-PT\",\"@id\":\"https:\/\/nicolitos.com\/wp\/shop\/mochila-gamer-aurea\/#primaryimage\",\"url\":\"https:\/\/nicolitos.com\/wp\/wp-content\/uploads\/2024\/08\/0686871c22f1e04802b36cda7025f3918267396d.webp\",\"contentUrl\":\"https:\/\/nicolitos.com\/wp\/wp-content\/uploads\/2024\/08\/0686871c22f1e04802b36cda7025f3918267396d.webp\",\"width\":1140,\"height\":855},{\"@type\":\"BreadcrumbList\",\"@id\":\"https:\/\/nicolitos.com\/wp\/shop\/mochila-gamer-aurea\/#breadcrumb\",\"itemListElement\":[{\"@type\":\"ListItem\",\"position\":1,\"name\":\"In\u00edcio\",\"item\":\"https:\/\/nicolitos.com\/wp\/\"},{\"@type\":\"ListItem\",\"position\":2,\"name\":\"Loja\",\"item\":\"https:\/\/nicolitos.com\/wp\/shop\/\"},{\"@type\":\"ListItem\",\"position\":3,\"name\":\"Mochila Gamer (AUREA)\"}]},{\"@type\":\"WebSite\",\"@id\":\"https:\/\/nicolitos.com\/wp\/#website\",\"url\":\"https:\/\/nicolitos.com\/wp\/\",\"name\":\"Nicolitos - Artigos de b\u00e9b\u00e9 e crian\u00e7a\",\"description\":\"Nicolitos - Loja de Artigos para b\u00e9b\u00e9 e crian\u00e7a\",\"publisher\":{\"@id\":\"https:\/\/nicolitos.com\/wp\/#organization\"},\"potentialAction\":[{\"@type\":\"SearchAction\",\"target\":{\"@type\":\"EntryPoint\",\"urlTemplate\":\"https:\/\/nicolitos.com\/wp\/?s={search_term_string}\"},\"query-input\":{\"@type\":\"PropertyValueSpecification\",\"valueRequired\":true,\"valueName\":\"search_term_string\"}}],\"inLanguage\":\"pt-PT\"},{\"@type\":\"Organization\",\"@id\":\"https:\/\/nicolitos.com\/wp\/#organization\",\"name\":\"Nicolitos\",\"url\":\"https:\/\/nicolitos.com\/wp\/\",\"logo\":{\"@type\":\"ImageObject\",\"inLanguage\":\"pt-PT\",\"@id\":\"https:\/\/nicolitos.com\/wp\/#\/schema\/logo\/image\/\",\"url\":\"https:\/\/nicolitos.com\/wp\/wp-content\/uploads\/2024\/05\/2-removebg-preview.png\",\"contentUrl\":\"https:\/\/nicolitos.com\/wp\/wp-content\/uploads\/2024\/05\/2-removebg-preview.png\",\"width\":300,\"height\":283,\"caption\":\"Nicolitos\"},\"image\":{\"@id\":\"https:\/\/nicolitos.com\/wp\/#\/schema\/logo\/image\/\"},\"sameAs\":[\"https:\/\/www.facebook.com\/NicolitosMM\",\"https:\/\/www.instagram.com\/nicolitosmm\/\",\"https:\/\/www.tiktok.com\/@nicolitosmm\"]}]}<\/script>\n<!-- \/ Yoast SEO plugin. -->","yoast_head_json":{"title":"Mochila Gamer (AUREA) - Nicolitos","robots":{"index":"index","follow":"follow","max-snippet":"max-snippet:-1","max-image-preview":"max-image-preview:large","max-video-preview":"max-video-preview:-1"},"canonical":"https:\/\/nicolitos.com\/wp\/shop\/mochila-gamer-aurea\/","og_locale":"pt_PT","og_type":"article","og_title":"Mochila Gamer (AUREA) - Nicolitos","og_description":"Descri\u00e7\u00e3o: Mochila AUREA KIDS Gamers Compartimento interior para tabletnFecho com clip no peitonAl\u00e7as ajust\u00e1veis e AcolchoadasnPega decorativa em cada fecho de corrernBolso. Compartimento para garrafas de lado com faixas refletoras.\u00a0 Compartimentos exteriores, imperme\u00e1velnPorta-chaves com motivos gamer. Medidas: 42x30x15cm","og_url":"https:\/\/nicolitos.com\/wp\/shop\/mochila-gamer-aurea\/","og_site_name":"Nicolitos","article_publisher":"https:\/\/www.facebook.com\/NicolitosMM","article_modified_time":"2024-08-22T10:17:07+00:00","og_image":[{"width":1140,"height":855,"url":"https:\/\/nicolitos.com\/wp\/wp-content\/uploads\/2024\/08\/0686871c22f1e04802b36cda7025f3918267396d.webp","type":"image\/webp"}],"twitter_card":"summary_large_image","twitter_misc":{"Tempo estimado de leitura":"1 minuto"},"schema":{"@context":"https:\/\/schema.org","@graph":[{"@type":"WebPage","@id":"https:\/\/nicolitos.com\/wp\/shop\/mochila-gamer-aurea\/","url":"https:\/\/nicolitos.com\/wp\/shop\/mochila-gamer-aurea\/","name":"Mochila Gamer (AUREA) - Nicolitos","isPartOf":{"@id":"https:\/\/nicolitos.com\/wp\/#website"},"primaryImageOfPage":{"@id":"https:\/\/nicolitos.com\/wp\/shop\/mochila-gamer-aurea\/#primaryimage"},"image":{"@id":"https:\/\/nicolitos.com\/wp\/shop\/mochila-gamer-aurea\/#primaryimage"},"thumbnailUrl":"https:\/\/nicolitos.com\/wp\/wp-content\/uploads\/2024\/08\/0686871c22f1e04802b36cda7025f3918267396d.webp","datePublished":"2024-08-22T09:51:32+00:00","dateModified":"2024-08-22T10:17:07+00:00","breadcrumb":{"@id":"https:\/\/nicolitos.com\/wp\/shop\/mochila-gamer-aurea\/#breadcrumb"},"inLanguage":"pt-PT","potentialAction":[{"@type":"ReadAction","target":["https:\/\/nicolitos.com\/wp\/shop\/mochila-gamer-aurea\/"]}]},{"@type":"ImageObject","inLanguage":"pt-PT","@id":"https:\/\/nicolitos.com\/wp\/shop\/mochila-gamer-aurea\/#primaryimage","url":"https:\/\/nicolitos.com\/wp\/wp-content\/uploads\/2024\/08\/0686871c22f1e04802b36cda7025f3918267396d.webp","contentUrl":"https:\/\/nicolitos.com\/wp\/wp-content\/uploads\/2024\/08\/0686871c22f1e04802b36cda7025f3918267396d.webp","width":1140,"height":855},{"@type":"BreadcrumbList","@id":"https:\/\/nicolitos.com\/wp\/shop\/mochila-gamer-aurea\/#breadcrumb","itemListElement":[{"@type":"ListItem","position":1,"name":"In\u00edcio","item":"https:\/\/nicolitos.com\/wp\/"},{"@type":"ListItem","position":2,"name":"Loja","item":"https:\/\/nicolitos.com\/wp\/shop\/"},{"@type":"ListItem","position":3,"name":"Mochila Gamer (AUREA)"}]},{"@type":"WebSite","@id":"https:\/\/nicolitos.com\/wp\/#website","url":"https:\/\/nicolitos.com\/wp\/","name":"Nicolitos - Artigos de b\u00e9b\u00e9 e crian\u00e7a","description":"Nicolitos - Loja de Artigos para b\u00e9b\u00e9 e crian\u00e7a","publisher":{"@id":"https:\/\/nicolitos.com\/wp\/#organization"},"potentialAction":[{"@type":"SearchAction","target":{"@type":"EntryPoint","urlTemplate":"https:\/\/nicolitos.com\/wp\/?s={search_term_string}"},"query-input":{"@type":"PropertyValueSpecification","valueRequired":true,"valueName":"search_term_string"}}],"inLanguage":"pt-PT"},{"@type":"Organization","@id":"https:\/\/nicolitos.com\/wp\/#organization","name":"Nicolitos","url":"https:\/\/nicolitos.com\/wp\/","logo":{"@type":"ImageObject","inLanguage":"pt-PT","@id":"https:\/\/nicolitos.com\/wp\/#\/schema\/logo\/image\/","url":"https:\/\/nicolitos.com\/wp\/wp-content\/uploads\/2024\/05\/2-removebg-preview.png","contentUrl":"https:\/\/nicolitos.com\/wp\/wp-content\/uploads\/2024\/05\/2-removebg-preview.png","width":300,"height":283,"caption":"Nicolitos"},"image":{"@id":"https:\/\/nicolitos.com\/wp\/#\/schema\/logo\/image\/"},"sameAs":["https:\/\/www.facebook.com\/NicolitosMM","https:\/\/www.instagram.com\/nicolitosmm\/","https:\/\/www.tiktok.com\/@nicolitosmm"]}]}},"_links":{"self":[{"href":"https:\/\/nicolitos.com\/wp\/wp-json\/wp\/v2\/product\/7005","targetHints":{"allow":["GET"]}}],"collection":[{"href":"https:\/\/nicolitos.com\/wp\/wp-json\/wp\/v2\/product"}],"about":[{"href":"https:\/\/nicolitos.com\/wp\/wp-json\/wp\/v2\/types\/product"}],"replies":[{"embeddable":true,"href":"https:\/\/nicolitos.com\/wp\/wp-json\/wp\/v2\/comments?post=7005"}],"wp:featuredmedia":[{"embeddable":true,"href":"https:\/\/nicolitos.com\/wp\/wp-json\/wp\/v2\/media\/7006"}],"wp:attachment":[{"href":"https:\/\/nicolitos.com\/wp\/wp-json\/wp\/v2\/media?parent=7005"}],"wp:term":[{"taxonomy":"product_cat","embeddable":true,"href":"https:\/\/nicolitos.com\/wp\/wp-json\/wp\/v2\/product_cat?post=7005"},{"taxonomy":"product_tag","embeddable":true,"href":"https:\/\/nicolitos.com\/wp\/wp-json\/wp\/v2\/product_tag?post=7005"}],"curies":[{"name":"wp","href":"https:\/\/api.w.org\/{rel}","templated":true}]}}