{"id":701,"date":"2024-03-28T15:43:14","date_gmt":"2024-03-28T15:43:14","guid":{"rendered":"https:\/\/nicolitos.com\/wp\/produto\/conjunto-higiene-0-rosa\/"},"modified":"2024-05-07T14:47:09","modified_gmt":"2024-05-07T14:47:09","slug":"conjunto-higiene-0-rosa","status":"publish","type":"product","link":"https:\/\/nicolitos.com\/wp\/shop\/conjunto-higiene-0-rosa\/","title":{"rendered":"CONJUNTO HIGIENE 0+ ROSA"},"content":{"rendered":"<p>Este conjunto de pente e escova \u00e9 perfeito para o cabelo do seu beb\u00e9. A escova de n\u00e1ilon \u00e9 extremamente suave para a pele e o cabelo delicado do beb\u00e9 e o cabo \u00e9 confort\u00e1vel de segurar para facilitar o uso. O pente \u00e9 ideal para deixar os cabelos na moda e sempre bonitos. S\u00e3o pr\u00e1ticos na higiene di\u00e1ria do seu beb\u00e9 em todos os banhos, ou sempre que voc\u00ea quiser que o seu beb\u00e9 saia perfeito para passear. Perfeito para a cesta e para levar para qualquer lugar. \u00c9 recomendado para crian\u00e7as +0 meses.<\/p>\n","protected":false},"excerpt":{"rendered":"<p>Este conjunto de pente e escova \u00e9 perfeito para o cabelo do seu beb\u00e9. A escova de n\u00e1ilon \u00e9 extremamente suave para a pele e o cabelo delicado do beb\u00e9 e o cabo \u00e9 confort\u00e1vel de segurar para facilitar o uso. O pente \u00e9 ideal para deixar os cabelos na moda e sempre bonitos. S\u00e3o pr\u00e1ticos na higiene di\u00e1ria do seu beb\u00e9 em todos os banhos, ou sempre que voc\u00ea quiser que o seu beb\u00e9 saia perfeito para passear. Perfeito para a cesta e&hellip;<\/p>\n","protected":false},"featured_media":2301,"comment_status":"open","ping_status":"closed","template":"","meta":{"_acf_changed":false,"_themeisle_gutenberg_block_has_review":false},"product_cat":[471],"product_tag":[485],"class_list":{"0":"post-701","1":"product","2":"type-product","3":"status-publish","4":"has-post-thumbnail","6":"product_cat-higiene","7":"product_tag-kiokids","8":"product_shipping_class-peso-500gr","10":"first","11":"instock","12":"taxable","13":"shipping-taxable","14":"purchasable","15":"product-type-simple"},"acf":[],"yoast_head":"<!-- This site is optimized with the Yoast SEO plugin v24.2 - https:\/\/yoast.com\/wordpress\/plugins\/seo\/ -->\n<title>CONJUNTO HIGIENE 0+ ROSA - Nicolitos<\/title>\n<meta name=\"robots\" content=\"index, follow, max-snippet:-1, max-image-preview:large, max-video-preview:-1\" \/>\n<link rel=\"canonical\" href=\"https:\/\/nicolitos.com\/wp\/shop\/conjunto-higiene-0-rosa\/\" \/>\n<meta property=\"og:locale\" content=\"pt_PT\" \/>\n<meta property=\"og:type\" content=\"article\" \/>\n<meta property=\"og:title\" content=\"CONJUNTO HIGIENE 0+ ROSA - Nicolitos\" \/>\n<meta property=\"og:description\" content=\"Este conjunto de pente e escova \u00e9 perfeito para o cabelo do seu beb\u00e9. A escova de n\u00e1ilon \u00e9 extremamente suave para a pele e o cabelo delicado do beb\u00e9 e o cabo \u00e9 confort\u00e1vel de segurar para facilitar o uso. O pente \u00e9 ideal para deixar os cabelos na moda e sempre bonitos. S\u00e3o pr\u00e1ticos na higiene di\u00e1ria do seu beb\u00e9 em todos os banhos, ou sempre que voc\u00ea quiser que o seu beb\u00e9 saia perfeito para passear. Perfeito para a cesta e&hellip;\" \/>\n<meta property=\"og:url\" content=\"https:\/\/nicolitos.com\/wp\/shop\/conjunto-higiene-0-rosa\/\" \/>\n<meta property=\"og:site_name\" content=\"Nicolitos\" \/>\n<meta property=\"article:publisher\" content=\"https:\/\/www.facebook.com\/NicolitosMM\" \/>\n<meta property=\"article:modified_time\" content=\"2024-05-07T14:47:09+00:00\" \/>\n<meta property=\"og:image\" content=\"https:\/\/nicolitos.com\/wp\/wp-content\/uploads\/2024\/04\/3557.jpg\" \/>\n\t<meta property=\"og:image:width\" content=\"2067\" \/>\n\t<meta property=\"og:image:height\" content=\"1654\" \/>\n\t<meta property=\"og:image:type\" content=\"image\/jpeg\" \/>\n<meta name=\"twitter:card\" content=\"summary_large_image\" \/>\n<script type=\"application\/ld+json\" class=\"yoast-schema-graph\">{\"@context\":\"https:\/\/schema.org\",\"@graph\":[{\"@type\":\"WebPage\",\"@id\":\"https:\/\/nicolitos.com\/wp\/shop\/conjunto-higiene-0-rosa\/\",\"url\":\"https:\/\/nicolitos.com\/wp\/shop\/conjunto-higiene-0-rosa\/\",\"name\":\"CONJUNTO HIGIENE 0+ ROSA - Nicolitos\",\"isPartOf\":{\"@id\":\"https:\/\/nicolitos.com\/wp\/#website\"},\"primaryImageOfPage\":{\"@id\":\"https:\/\/nicolitos.com\/wp\/shop\/conjunto-higiene-0-rosa\/#primaryimage\"},\"image\":{\"@id\":\"https:\/\/nicolitos.com\/wp\/shop\/conjunto-higiene-0-rosa\/#primaryimage\"},\"thumbnailUrl\":\"https:\/\/nicolitos.com\/wp\/wp-content\/uploads\/2024\/04\/3557.jpg\",\"datePublished\":\"2024-03-28T15:43:14+00:00\",\"dateModified\":\"2024-05-07T14:47:09+00:00\",\"breadcrumb\":{\"@id\":\"https:\/\/nicolitos.com\/wp\/shop\/conjunto-higiene-0-rosa\/#breadcrumb\"},\"inLanguage\":\"pt-PT\",\"potentialAction\":[{\"@type\":\"ReadAction\",\"target\":[\"https:\/\/nicolitos.com\/wp\/shop\/conjunto-higiene-0-rosa\/\"]}]},{\"@type\":\"ImageObject\",\"inLanguage\":\"pt-PT\",\"@id\":\"https:\/\/nicolitos.com\/wp\/shop\/conjunto-higiene-0-rosa\/#primaryimage\",\"url\":\"https:\/\/nicolitos.com\/wp\/wp-content\/uploads\/2024\/04\/3557.jpg\",\"contentUrl\":\"https:\/\/nicolitos.com\/wp\/wp-content\/uploads\/2024\/04\/3557.jpg\",\"width\":2067,\"height\":1654},{\"@type\":\"BreadcrumbList\",\"@id\":\"https:\/\/nicolitos.com\/wp\/shop\/conjunto-higiene-0-rosa\/#breadcrumb\",\"itemListElement\":[{\"@type\":\"ListItem\",\"position\":1,\"name\":\"In\u00edcio\",\"item\":\"https:\/\/nicolitos.com\/wp\/\"},{\"@type\":\"ListItem\",\"position\":2,\"name\":\"Loja\",\"item\":\"https:\/\/nicolitos.com\/wp\/shop\/\"},{\"@type\":\"ListItem\",\"position\":3,\"name\":\"CONJUNTO HIGIENE 0+ ROSA\"}]},{\"@type\":\"WebSite\",\"@id\":\"https:\/\/nicolitos.com\/wp\/#website\",\"url\":\"https:\/\/nicolitos.com\/wp\/\",\"name\":\"Nicolitos - Artigos de b\u00e9b\u00e9 e crian\u00e7a\",\"description\":\"Nicolitos - Loja de Artigos para b\u00e9b\u00e9 e crian\u00e7a\",\"publisher\":{\"@id\":\"https:\/\/nicolitos.com\/wp\/#organization\"},\"potentialAction\":[{\"@type\":\"SearchAction\",\"target\":{\"@type\":\"EntryPoint\",\"urlTemplate\":\"https:\/\/nicolitos.com\/wp\/?s={search_term_string}\"},\"query-input\":{\"@type\":\"PropertyValueSpecification\",\"valueRequired\":true,\"valueName\":\"search_term_string\"}}],\"inLanguage\":\"pt-PT\"},{\"@type\":\"Organization\",\"@id\":\"https:\/\/nicolitos.com\/wp\/#organization\",\"name\":\"Nicolitos\",\"url\":\"https:\/\/nicolitos.com\/wp\/\",\"logo\":{\"@type\":\"ImageObject\",\"inLanguage\":\"pt-PT\",\"@id\":\"https:\/\/nicolitos.com\/wp\/#\/schema\/logo\/image\/\",\"url\":\"https:\/\/nicolitos.com\/wp\/wp-content\/uploads\/2024\/05\/2-removebg-preview.png\",\"contentUrl\":\"https:\/\/nicolitos.com\/wp\/wp-content\/uploads\/2024\/05\/2-removebg-preview.png\",\"width\":300,\"height\":283,\"caption\":\"Nicolitos\"},\"image\":{\"@id\":\"https:\/\/nicolitos.com\/wp\/#\/schema\/logo\/image\/\"},\"sameAs\":[\"https:\/\/www.facebook.com\/NicolitosMM\",\"https:\/\/www.instagram.com\/nicolitosmm\/\",\"https:\/\/www.tiktok.com\/@nicolitosmm\"]}]}<\/script>\n<!-- \/ Yoast SEO plugin. -->","yoast_head_json":{"title":"CONJUNTO HIGIENE 0+ ROSA - Nicolitos","robots":{"index":"index","follow":"follow","max-snippet":"max-snippet:-1","max-image-preview":"max-image-preview:large","max-video-preview":"max-video-preview:-1"},"canonical":"https:\/\/nicolitos.com\/wp\/shop\/conjunto-higiene-0-rosa\/","og_locale":"pt_PT","og_type":"article","og_title":"CONJUNTO HIGIENE 0+ ROSA - Nicolitos","og_description":"Este conjunto de pente e escova \u00e9 perfeito para o cabelo do seu beb\u00e9. A escova de n\u00e1ilon \u00e9 extremamente suave para a pele e o cabelo delicado do beb\u00e9 e o cabo \u00e9 confort\u00e1vel de segurar para facilitar o uso. O pente \u00e9 ideal para deixar os cabelos na moda e sempre bonitos. S\u00e3o pr\u00e1ticos na higiene di\u00e1ria do seu beb\u00e9 em todos os banhos, ou sempre que voc\u00ea quiser que o seu beb\u00e9 saia perfeito para passear. Perfeito para a cesta e&hellip;","og_url":"https:\/\/nicolitos.com\/wp\/shop\/conjunto-higiene-0-rosa\/","og_site_name":"Nicolitos","article_publisher":"https:\/\/www.facebook.com\/NicolitosMM","article_modified_time":"2024-05-07T14:47:09+00:00","og_image":[{"width":2067,"height":1654,"url":"https:\/\/nicolitos.com\/wp\/wp-content\/uploads\/2024\/04\/3557.jpg","type":"image\/jpeg"}],"twitter_card":"summary_large_image","schema":{"@context":"https:\/\/schema.org","@graph":[{"@type":"WebPage","@id":"https:\/\/nicolitos.com\/wp\/shop\/conjunto-higiene-0-rosa\/","url":"https:\/\/nicolitos.com\/wp\/shop\/conjunto-higiene-0-rosa\/","name":"CONJUNTO HIGIENE 0+ ROSA - Nicolitos","isPartOf":{"@id":"https:\/\/nicolitos.com\/wp\/#website"},"primaryImageOfPage":{"@id":"https:\/\/nicolitos.com\/wp\/shop\/conjunto-higiene-0-rosa\/#primaryimage"},"image":{"@id":"https:\/\/nicolitos.com\/wp\/shop\/conjunto-higiene-0-rosa\/#primaryimage"},"thumbnailUrl":"https:\/\/nicolitos.com\/wp\/wp-content\/uploads\/2024\/04\/3557.jpg","datePublished":"2024-03-28T15:43:14+00:00","dateModified":"2024-05-07T14:47:09+00:00","breadcrumb":{"@id":"https:\/\/nicolitos.com\/wp\/shop\/conjunto-higiene-0-rosa\/#breadcrumb"},"inLanguage":"pt-PT","potentialAction":[{"@type":"ReadAction","target":["https:\/\/nicolitos.com\/wp\/shop\/conjunto-higiene-0-rosa\/"]}]},{"@type":"ImageObject","inLanguage":"pt-PT","@id":"https:\/\/nicolitos.com\/wp\/shop\/conjunto-higiene-0-rosa\/#primaryimage","url":"https:\/\/nicolitos.com\/wp\/wp-content\/uploads\/2024\/04\/3557.jpg","contentUrl":"https:\/\/nicolitos.com\/wp\/wp-content\/uploads\/2024\/04\/3557.jpg","width":2067,"height":1654},{"@type":"BreadcrumbList","@id":"https:\/\/nicolitos.com\/wp\/shop\/conjunto-higiene-0-rosa\/#breadcrumb","itemListElement":[{"@type":"ListItem","position":1,"name":"In\u00edcio","item":"https:\/\/nicolitos.com\/wp\/"},{"@type":"ListItem","position":2,"name":"Loja","item":"https:\/\/nicolitos.com\/wp\/shop\/"},{"@type":"ListItem","position":3,"name":"CONJUNTO HIGIENE 0+ ROSA"}]},{"@type":"WebSite","@id":"https:\/\/nicolitos.com\/wp\/#website","url":"https:\/\/nicolitos.com\/wp\/","name":"Nicolitos - Artigos de b\u00e9b\u00e9 e crian\u00e7a","description":"Nicolitos - Loja de Artigos para b\u00e9b\u00e9 e crian\u00e7a","publisher":{"@id":"https:\/\/nicolitos.com\/wp\/#organization"},"potentialAction":[{"@type":"SearchAction","target":{"@type":"EntryPoint","urlTemplate":"https:\/\/nicolitos.com\/wp\/?s={search_term_string}"},"query-input":{"@type":"PropertyValueSpecification","valueRequired":true,"valueName":"search_term_string"}}],"inLanguage":"pt-PT"},{"@type":"Organization","@id":"https:\/\/nicolitos.com\/wp\/#organization","name":"Nicolitos","url":"https:\/\/nicolitos.com\/wp\/","logo":{"@type":"ImageObject","inLanguage":"pt-PT","@id":"https:\/\/nicolitos.com\/wp\/#\/schema\/logo\/image\/","url":"https:\/\/nicolitos.com\/wp\/wp-content\/uploads\/2024\/05\/2-removebg-preview.png","contentUrl":"https:\/\/nicolitos.com\/wp\/wp-content\/uploads\/2024\/05\/2-removebg-preview.png","width":300,"height":283,"caption":"Nicolitos"},"image":{"@id":"https:\/\/nicolitos.com\/wp\/#\/schema\/logo\/image\/"},"sameAs":["https:\/\/www.facebook.com\/NicolitosMM","https:\/\/www.instagram.com\/nicolitosmm\/","https:\/\/www.tiktok.com\/@nicolitosmm"]}]}},"_links":{"self":[{"href":"https:\/\/nicolitos.com\/wp\/wp-json\/wp\/v2\/product\/701","targetHints":{"allow":["GET"]}}],"collection":[{"href":"https:\/\/nicolitos.com\/wp\/wp-json\/wp\/v2\/product"}],"about":[{"href":"https:\/\/nicolitos.com\/wp\/wp-json\/wp\/v2\/types\/product"}],"replies":[{"embeddable":true,"href":"https:\/\/nicolitos.com\/wp\/wp-json\/wp\/v2\/comments?post=701"}],"wp:featuredmedia":[{"embeddable":true,"href":"https:\/\/nicolitos.com\/wp\/wp-json\/wp\/v2\/media\/2301"}],"wp:attachment":[{"href":"https:\/\/nicolitos.com\/wp\/wp-json\/wp\/v2\/media?parent=701"}],"wp:term":[{"taxonomy":"product_cat","embeddable":true,"href":"https:\/\/nicolitos.com\/wp\/wp-json\/wp\/v2\/product_cat?post=701"},{"taxonomy":"product_tag","embeddable":true,"href":"https:\/\/nicolitos.com\/wp\/wp-json\/wp\/v2\/product_tag?post=701"}],"curies":[{"name":"wp","href":"https:\/\/api.w.org\/{rel}","templated":true}]}}