{"id":7210,"date":"2024-11-30T15:35:44","date_gmt":"2024-11-30T15:35:44","guid":{"rendered":"https:\/\/nicolitos.com\/wp\/?post_type=product&#038;p=7210"},"modified":"2024-11-30T15:35:44","modified_gmt":"2024-11-30T15:35:44","slug":"mordedor-silicone-kiokids-2","status":"publish","type":"product","link":"https:\/\/nicolitos.com\/wp\/shop\/mordedor-silicone-kiokids-2\/","title":{"rendered":"Mordedor Silicone Kiokids"},"content":{"rendered":"<p>Descri\u00e7\u00e3o:<\/p>\n<p>A\u00a0<strong>denti\u00e7\u00e3o\u00a0<\/strong>costuma come\u00e7ar entre os 4 e os 7 meses e pode ser uma \u00e9poca frustrante, tanto para o beb\u00e9 como para os pais. Pode acontecer que a crian\u00e7a se babe mais e queira morder objetos, e certamente estar\u00e1 aborrecida e mais irrit\u00e1vel.<\/p>\n<p>Para\u00a0<strong>aliviar\u00a0<\/strong>estes\u00a0<strong>sintomas<\/strong>, devemos dar ao beb\u00e9 algo para morder. Para isso contamos com uma completa cole\u00e7\u00e3o de mordedores, muito f\u00e1ceis de segurar, com diferentes cores e texturas para\u00a0<strong>massajar\u00a0<\/strong>as\u00a0<strong>gengivas<\/strong>, e melhorar os sintomas da denti\u00e7\u00e3o do seu beb\u00e9.<\/p>\n<p>Este mordedor,\u00a0<strong>100% de silicone<\/strong>\u00a0de alta qualidade, ser\u00e1, a partir de agora, o brinquedo favorito do seu beb\u00e9. Pode mord\u00ea-lo sem perigo j\u00e1 que est\u00e1 livre de BPA e Ftalatos. Fabricados numa s\u00f3 pe\u00e7a, s\u00e3o suaves e flex\u00edveis. O silicone oferece numerosas vantagens: n\u00e3o absorve odores nem sabores e a sua forma e textura mant\u00eam-se inalteradas com o uso e o contacto com outras sust\u00e2ncias.<\/p>\n<p>Este \u00e9 um mordedor muito especial e inovador, de silicone, feito para que o seu pequeno morda sem parar e que possa sentir-se aliviado da mol\u00e9stia nas suas gengivas. As suas diferentes texturas fazem com que massageie e estimule as gengivas do seu beb\u00e9, para que este fique mais relaxado. \u00c9 f\u00e1cil de pegar e poder\u00e1 manej\u00e1-lo como mais lhe gostar. Est\u00e1 feito para as suas m\u00e3ozinhas.<\/p>\n<p>&#8211; Est\u00e1 recomendado para crian\u00e7as de +3 meses.<br \/>\n&#8211; Lavar com \u00e1gua morna e detergente.<br \/>\n&#8211; N\u00e3o use materiais abrasivos e\/ou artigos de limpeza afiados, rugosos ou pontiagudos.<br \/>\n&#8211; Material: 100% silicone.<\/p>\n","protected":false},"excerpt":{"rendered":"<p>Descri\u00e7\u00e3o: A\u00a0denti\u00e7\u00e3o\u00a0costuma come\u00e7ar entre os 4 e os 7 meses e pode ser uma \u00e9poca frustrante, tanto para o beb\u00e9 como para os pais. Pode acontecer que a crian\u00e7a se babe mais e queira morder objetos, e certamente estar\u00e1 aborrecida e mais irrit\u00e1vel. Para\u00a0aliviar\u00a0estes\u00a0sintomas, devemos dar ao beb\u00e9 algo para morder. Para isso contamos com uma completa cole\u00e7\u00e3o de mordedores, muito f\u00e1ceis de segurar, com diferentes cores e texturas para\u00a0massajar\u00a0as\u00a0gengivas, e melhorar os sintomas da denti\u00e7\u00e3o do seu beb\u00e9. Este mordedor,\u00a0100% de silicone\u00a0de alta&hellip;<\/p>\n","protected":false},"featured_media":7211,"comment_status":"open","ping_status":"closed","template":"","meta":{"_acf_changed":false,"_themeisle_gutenberg_block_has_review":false},"product_cat":[442,481,460],"product_tag":[],"class_list":{"0":"post-7210","1":"product","2":"type-product","3":"status-publish","4":"has-post-thumbnail","6":"product_cat-acessorios-2","7":"product_cat-mordedores-puericultura","8":"product_cat-puericultura","10":"first","11":"instock","12":"taxable","13":"shipping-taxable","14":"purchasable","15":"product-type-simple"},"acf":[],"yoast_head":"<!-- This site is optimized with the Yoast SEO plugin v24.2 - https:\/\/yoast.com\/wordpress\/plugins\/seo\/ -->\n<title>Mordedor Silicone Kiokids - Nicolitos<\/title>\n<meta name=\"robots\" content=\"index, follow, max-snippet:-1, max-image-preview:large, max-video-preview:-1\" \/>\n<link rel=\"canonical\" href=\"https:\/\/nicolitos.com\/wp\/shop\/mordedor-silicone-kiokids-2\/\" \/>\n<meta property=\"og:locale\" content=\"pt_PT\" \/>\n<meta property=\"og:type\" content=\"article\" \/>\n<meta property=\"og:title\" content=\"Mordedor Silicone Kiokids - Nicolitos\" \/>\n<meta property=\"og:description\" content=\"Descri\u00e7\u00e3o: A\u00a0denti\u00e7\u00e3o\u00a0costuma come\u00e7ar entre os 4 e os 7 meses e pode ser uma \u00e9poca frustrante, tanto para o beb\u00e9 como para os pais. Pode acontecer que a crian\u00e7a se babe mais e queira morder objetos, e certamente estar\u00e1 aborrecida e mais irrit\u00e1vel. Para\u00a0aliviar\u00a0estes\u00a0sintomas, devemos dar ao beb\u00e9 algo para morder. Para isso contamos com uma completa cole\u00e7\u00e3o de mordedores, muito f\u00e1ceis de segurar, com diferentes cores e texturas para\u00a0massajar\u00a0as\u00a0gengivas, e melhorar os sintomas da denti\u00e7\u00e3o do seu beb\u00e9. Este mordedor,\u00a0100% de silicone\u00a0de alta&hellip;\" \/>\n<meta property=\"og:url\" content=\"https:\/\/nicolitos.com\/wp\/shop\/mordedor-silicone-kiokids-2\/\" \/>\n<meta property=\"og:site_name\" content=\"Nicolitos\" \/>\n<meta property=\"article:publisher\" content=\"https:\/\/www.facebook.com\/NicolitosMM\" \/>\n<meta property=\"og:image\" content=\"https:\/\/nicolitos.com\/wp\/wp-content\/uploads\/2024\/11\/mordedor-estrela-de-silicone-cinzento-4.jpg\" \/>\n\t<meta property=\"og:image:width\" content=\"120\" \/>\n\t<meta property=\"og:image:height\" content=\"96\" \/>\n\t<meta property=\"og:image:type\" content=\"image\/jpeg\" \/>\n<meta name=\"twitter:card\" content=\"summary_large_image\" \/>\n<meta name=\"twitter:label1\" content=\"Tempo estimado de leitura\" \/>\n\t<meta name=\"twitter:data1\" content=\"2 minutos\" \/>\n<script type=\"application\/ld+json\" class=\"yoast-schema-graph\">{\"@context\":\"https:\/\/schema.org\",\"@graph\":[{\"@type\":\"WebPage\",\"@id\":\"https:\/\/nicolitos.com\/wp\/shop\/mordedor-silicone-kiokids-2\/\",\"url\":\"https:\/\/nicolitos.com\/wp\/shop\/mordedor-silicone-kiokids-2\/\",\"name\":\"Mordedor Silicone Kiokids - Nicolitos\",\"isPartOf\":{\"@id\":\"https:\/\/nicolitos.com\/wp\/#website\"},\"primaryImageOfPage\":{\"@id\":\"https:\/\/nicolitos.com\/wp\/shop\/mordedor-silicone-kiokids-2\/#primaryimage\"},\"image\":{\"@id\":\"https:\/\/nicolitos.com\/wp\/shop\/mordedor-silicone-kiokids-2\/#primaryimage\"},\"thumbnailUrl\":\"https:\/\/nicolitos.com\/wp\/wp-content\/uploads\/2024\/11\/mordedor-estrela-de-silicone-cinzento-4.jpg\",\"datePublished\":\"2024-11-30T15:35:44+00:00\",\"dateModified\":\"2024-11-30T15:35:44+00:00\",\"breadcrumb\":{\"@id\":\"https:\/\/nicolitos.com\/wp\/shop\/mordedor-silicone-kiokids-2\/#breadcrumb\"},\"inLanguage\":\"pt-PT\",\"potentialAction\":[{\"@type\":\"ReadAction\",\"target\":[\"https:\/\/nicolitos.com\/wp\/shop\/mordedor-silicone-kiokids-2\/\"]}]},{\"@type\":\"ImageObject\",\"inLanguage\":\"pt-PT\",\"@id\":\"https:\/\/nicolitos.com\/wp\/shop\/mordedor-silicone-kiokids-2\/#primaryimage\",\"url\":\"https:\/\/nicolitos.com\/wp\/wp-content\/uploads\/2024\/11\/mordedor-estrela-de-silicone-cinzento-4.jpg\",\"contentUrl\":\"https:\/\/nicolitos.com\/wp\/wp-content\/uploads\/2024\/11\/mordedor-estrela-de-silicone-cinzento-4.jpg\",\"width\":120,\"height\":96},{\"@type\":\"BreadcrumbList\",\"@id\":\"https:\/\/nicolitos.com\/wp\/shop\/mordedor-silicone-kiokids-2\/#breadcrumb\",\"itemListElement\":[{\"@type\":\"ListItem\",\"position\":1,\"name\":\"In\u00edcio\",\"item\":\"https:\/\/nicolitos.com\/wp\/\"},{\"@type\":\"ListItem\",\"position\":2,\"name\":\"Loja\",\"item\":\"https:\/\/nicolitos.com\/wp\/shop\/\"},{\"@type\":\"ListItem\",\"position\":3,\"name\":\"Mordedor Silicone Kiokids\"}]},{\"@type\":\"WebSite\",\"@id\":\"https:\/\/nicolitos.com\/wp\/#website\",\"url\":\"https:\/\/nicolitos.com\/wp\/\",\"name\":\"Nicolitos - Artigos de b\u00e9b\u00e9 e crian\u00e7a\",\"description\":\"Nicolitos - Loja de Artigos para b\u00e9b\u00e9 e crian\u00e7a\",\"publisher\":{\"@id\":\"https:\/\/nicolitos.com\/wp\/#organization\"},\"potentialAction\":[{\"@type\":\"SearchAction\",\"target\":{\"@type\":\"EntryPoint\",\"urlTemplate\":\"https:\/\/nicolitos.com\/wp\/?s={search_term_string}\"},\"query-input\":{\"@type\":\"PropertyValueSpecification\",\"valueRequired\":true,\"valueName\":\"search_term_string\"}}],\"inLanguage\":\"pt-PT\"},{\"@type\":\"Organization\",\"@id\":\"https:\/\/nicolitos.com\/wp\/#organization\",\"name\":\"Nicolitos\",\"url\":\"https:\/\/nicolitos.com\/wp\/\",\"logo\":{\"@type\":\"ImageObject\",\"inLanguage\":\"pt-PT\",\"@id\":\"https:\/\/nicolitos.com\/wp\/#\/schema\/logo\/image\/\",\"url\":\"https:\/\/nicolitos.com\/wp\/wp-content\/uploads\/2024\/05\/2-removebg-preview.png\",\"contentUrl\":\"https:\/\/nicolitos.com\/wp\/wp-content\/uploads\/2024\/05\/2-removebg-preview.png\",\"width\":300,\"height\":283,\"caption\":\"Nicolitos\"},\"image\":{\"@id\":\"https:\/\/nicolitos.com\/wp\/#\/schema\/logo\/image\/\"},\"sameAs\":[\"https:\/\/www.facebook.com\/NicolitosMM\",\"https:\/\/www.instagram.com\/nicolitosmm\/\",\"https:\/\/www.tiktok.com\/@nicolitosmm\"]}]}<\/script>\n<!-- \/ Yoast SEO plugin. -->","yoast_head_json":{"title":"Mordedor Silicone Kiokids - Nicolitos","robots":{"index":"index","follow":"follow","max-snippet":"max-snippet:-1","max-image-preview":"max-image-preview:large","max-video-preview":"max-video-preview:-1"},"canonical":"https:\/\/nicolitos.com\/wp\/shop\/mordedor-silicone-kiokids-2\/","og_locale":"pt_PT","og_type":"article","og_title":"Mordedor Silicone Kiokids - Nicolitos","og_description":"Descri\u00e7\u00e3o: A\u00a0denti\u00e7\u00e3o\u00a0costuma come\u00e7ar entre os 4 e os 7 meses e pode ser uma \u00e9poca frustrante, tanto para o beb\u00e9 como para os pais. Pode acontecer que a crian\u00e7a se babe mais e queira morder objetos, e certamente estar\u00e1 aborrecida e mais irrit\u00e1vel. Para\u00a0aliviar\u00a0estes\u00a0sintomas, devemos dar ao beb\u00e9 algo para morder. Para isso contamos com uma completa cole\u00e7\u00e3o de mordedores, muito f\u00e1ceis de segurar, com diferentes cores e texturas para\u00a0massajar\u00a0as\u00a0gengivas, e melhorar os sintomas da denti\u00e7\u00e3o do seu beb\u00e9. Este mordedor,\u00a0100% de silicone\u00a0de alta&hellip;","og_url":"https:\/\/nicolitos.com\/wp\/shop\/mordedor-silicone-kiokids-2\/","og_site_name":"Nicolitos","article_publisher":"https:\/\/www.facebook.com\/NicolitosMM","og_image":[{"width":120,"height":96,"url":"https:\/\/nicolitos.com\/wp\/wp-content\/uploads\/2024\/11\/mordedor-estrela-de-silicone-cinzento-4.jpg","type":"image\/jpeg"}],"twitter_card":"summary_large_image","twitter_misc":{"Tempo estimado de leitura":"2 minutos"},"schema":{"@context":"https:\/\/schema.org","@graph":[{"@type":"WebPage","@id":"https:\/\/nicolitos.com\/wp\/shop\/mordedor-silicone-kiokids-2\/","url":"https:\/\/nicolitos.com\/wp\/shop\/mordedor-silicone-kiokids-2\/","name":"Mordedor Silicone Kiokids - Nicolitos","isPartOf":{"@id":"https:\/\/nicolitos.com\/wp\/#website"},"primaryImageOfPage":{"@id":"https:\/\/nicolitos.com\/wp\/shop\/mordedor-silicone-kiokids-2\/#primaryimage"},"image":{"@id":"https:\/\/nicolitos.com\/wp\/shop\/mordedor-silicone-kiokids-2\/#primaryimage"},"thumbnailUrl":"https:\/\/nicolitos.com\/wp\/wp-content\/uploads\/2024\/11\/mordedor-estrela-de-silicone-cinzento-4.jpg","datePublished":"2024-11-30T15:35:44+00:00","dateModified":"2024-11-30T15:35:44+00:00","breadcrumb":{"@id":"https:\/\/nicolitos.com\/wp\/shop\/mordedor-silicone-kiokids-2\/#breadcrumb"},"inLanguage":"pt-PT","potentialAction":[{"@type":"ReadAction","target":["https:\/\/nicolitos.com\/wp\/shop\/mordedor-silicone-kiokids-2\/"]}]},{"@type":"ImageObject","inLanguage":"pt-PT","@id":"https:\/\/nicolitos.com\/wp\/shop\/mordedor-silicone-kiokids-2\/#primaryimage","url":"https:\/\/nicolitos.com\/wp\/wp-content\/uploads\/2024\/11\/mordedor-estrela-de-silicone-cinzento-4.jpg","contentUrl":"https:\/\/nicolitos.com\/wp\/wp-content\/uploads\/2024\/11\/mordedor-estrela-de-silicone-cinzento-4.jpg","width":120,"height":96},{"@type":"BreadcrumbList","@id":"https:\/\/nicolitos.com\/wp\/shop\/mordedor-silicone-kiokids-2\/#breadcrumb","itemListElement":[{"@type":"ListItem","position":1,"name":"In\u00edcio","item":"https:\/\/nicolitos.com\/wp\/"},{"@type":"ListItem","position":2,"name":"Loja","item":"https:\/\/nicolitos.com\/wp\/shop\/"},{"@type":"ListItem","position":3,"name":"Mordedor Silicone Kiokids"}]},{"@type":"WebSite","@id":"https:\/\/nicolitos.com\/wp\/#website","url":"https:\/\/nicolitos.com\/wp\/","name":"Nicolitos - Artigos de b\u00e9b\u00e9 e crian\u00e7a","description":"Nicolitos - Loja de Artigos para b\u00e9b\u00e9 e crian\u00e7a","publisher":{"@id":"https:\/\/nicolitos.com\/wp\/#organization"},"potentialAction":[{"@type":"SearchAction","target":{"@type":"EntryPoint","urlTemplate":"https:\/\/nicolitos.com\/wp\/?s={search_term_string}"},"query-input":{"@type":"PropertyValueSpecification","valueRequired":true,"valueName":"search_term_string"}}],"inLanguage":"pt-PT"},{"@type":"Organization","@id":"https:\/\/nicolitos.com\/wp\/#organization","name":"Nicolitos","url":"https:\/\/nicolitos.com\/wp\/","logo":{"@type":"ImageObject","inLanguage":"pt-PT","@id":"https:\/\/nicolitos.com\/wp\/#\/schema\/logo\/image\/","url":"https:\/\/nicolitos.com\/wp\/wp-content\/uploads\/2024\/05\/2-removebg-preview.png","contentUrl":"https:\/\/nicolitos.com\/wp\/wp-content\/uploads\/2024\/05\/2-removebg-preview.png","width":300,"height":283,"caption":"Nicolitos"},"image":{"@id":"https:\/\/nicolitos.com\/wp\/#\/schema\/logo\/image\/"},"sameAs":["https:\/\/www.facebook.com\/NicolitosMM","https:\/\/www.instagram.com\/nicolitosmm\/","https:\/\/www.tiktok.com\/@nicolitosmm"]}]}},"_links":{"self":[{"href":"https:\/\/nicolitos.com\/wp\/wp-json\/wp\/v2\/product\/7210","targetHints":{"allow":["GET"]}}],"collection":[{"href":"https:\/\/nicolitos.com\/wp\/wp-json\/wp\/v2\/product"}],"about":[{"href":"https:\/\/nicolitos.com\/wp\/wp-json\/wp\/v2\/types\/product"}],"replies":[{"embeddable":true,"href":"https:\/\/nicolitos.com\/wp\/wp-json\/wp\/v2\/comments?post=7210"}],"wp:featuredmedia":[{"embeddable":true,"href":"https:\/\/nicolitos.com\/wp\/wp-json\/wp\/v2\/media\/7211"}],"wp:attachment":[{"href":"https:\/\/nicolitos.com\/wp\/wp-json\/wp\/v2\/media?parent=7210"}],"wp:term":[{"taxonomy":"product_cat","embeddable":true,"href":"https:\/\/nicolitos.com\/wp\/wp-json\/wp\/v2\/product_cat?post=7210"},{"taxonomy":"product_tag","embeddable":true,"href":"https:\/\/nicolitos.com\/wp\/wp-json\/wp\/v2\/product_tag?post=7210"}],"curies":[{"name":"wp","href":"https:\/\/api.w.org\/{rel}","templated":true}]}}