{"id":7399,"date":"2024-12-15T16:50:21","date_gmt":"2024-12-15T16:50:21","guid":{"rendered":"https:\/\/nicolitos.com\/wp\/?post_type=product&#038;p=7399"},"modified":"2024-12-15T17:33:45","modified_gmt":"2024-12-15T17:33:45","slug":"garrafa-treino-urso-280ml-aco-inoxidavel","status":"publish","type":"product","link":"https:\/\/nicolitos.com\/wp\/shop\/garrafa-treino-urso-280ml-aco-inoxidavel\/","title":{"rendered":"Garrafa treino Urso 280ml a\u00e7o inoxid\u00e1vel"},"content":{"rendered":"<p>Como \u00e9 esta garrafa? F\u00e1cil de segurar gra\u00e7as \u00e0s suas duas pegas feitas \u00e0 medida dos mais pequenos, leve e segura para que o l\u00edquido n\u00e3o se derrame e possam beber com tranquilidade.<\/p>\n<p>\u00c9 fabricada em\u00a0<strong>a\u00e7o inoxid\u00e1vel 304<\/strong>, pelo que \u00e9 muito resistente a pancadas e a quedas. Al\u00e9m disso, mant\u00e9m o calor durante 10 horas e o frio durante 12 horas, pois actua como uma termos. Se quiser eliminar os pl\u00e1sticos em contacto com os alimentos, o a\u00e7o inoxid\u00e1vel \u00e9 uma op\u00e7\u00e3o perfeita, pois \u00e9 muito f\u00e1cil de limpar e n\u00e3o liberta toxinas como o BPA.<\/p>\n<p>A sua abertura aciona-se com um simples mecanismo de bot\u00e3o, para abrir a tampa que a mant\u00e9m limpa, e isto faz com que seja mais seguro para o seu beb\u00e9 beber.<\/p>\n<p>Tem tamb\u00e9m uma\u00a0<strong>palhinha de silicone<\/strong>\u00a0incorporada para facilitar a aprendizagem do beb\u00e9, para beber e sorver.<\/p>\n<p>\u00c9 recomendada para crian\u00e7as a partir de +6 meses.<\/p>\n<p>\u00b7 Lavar com \u00e1gua morna e detergente antes e depois de cada utiliza\u00e7\u00e3o.<br \/>\n\u00b7 Capacidade: 280 ml.<br \/>\n\u00b7 Guardar aberto num local limpo e seco.<br \/>\n\u00b7 N\u00e3o \u00e9 apto para m\u00e1quina de lavar lou\u00e7a.<br \/>\n\u00b7 N\u00e3o \u00e9 apto para o micro-ondas.<br \/>\n\u00b7 Manter afastado de fontes de calor.<\/p>\n","protected":false},"excerpt":{"rendered":"<p>Como \u00e9 esta garrafa? F\u00e1cil de segurar gra\u00e7as \u00e0s suas duas pegas feitas \u00e0 medida dos mais pequenos, leve e segura para que o l\u00edquido n\u00e3o se derrame e possam beber com tranquilidade. \u00c9 fabricada em\u00a0a\u00e7o inoxid\u00e1vel 304, pelo que \u00e9 muito resistente a pancadas e a quedas. Al\u00e9m disso, mant\u00e9m o calor durante 10 horas e o frio durante 12 horas, pois actua como uma termos. Se quiser eliminar os pl\u00e1sticos em contacto com os alimentos, o a\u00e7o inoxid\u00e1vel \u00e9 uma op\u00e7\u00e3o perfeita,&hellip;<\/p>\n","protected":false},"featured_media":7400,"comment_status":"open","ping_status":"closed","template":"","meta":{"_acf_changed":false,"_themeisle_gutenberg_block_has_review":false},"product_cat":[453],"product_tag":[],"class_list":{"0":"post-7399","1":"product","2":"type-product","3":"status-publish","4":"has-post-thumbnail","6":"product_cat-alimentacao","8":"first","9":"instock","10":"taxable","11":"shipping-taxable","12":"purchasable","13":"product-type-simple"},"acf":[],"yoast_head":"<!-- This site is optimized with the Yoast SEO plugin v24.2 - https:\/\/yoast.com\/wordpress\/plugins\/seo\/ -->\n<title>Garrafa treino Urso 280ml a\u00e7o inoxid\u00e1vel - Nicolitos<\/title>\n<meta name=\"robots\" content=\"index, follow, max-snippet:-1, max-image-preview:large, max-video-preview:-1\" \/>\n<link rel=\"canonical\" href=\"https:\/\/nicolitos.com\/wp\/shop\/garrafa-treino-urso-280ml-aco-inoxidavel\/\" \/>\n<meta property=\"og:locale\" content=\"pt_PT\" \/>\n<meta property=\"og:type\" content=\"article\" \/>\n<meta property=\"og:title\" content=\"Garrafa treino Urso 280ml a\u00e7o inoxid\u00e1vel - Nicolitos\" \/>\n<meta property=\"og:description\" content=\"Como \u00e9 esta garrafa? F\u00e1cil de segurar gra\u00e7as \u00e0s suas duas pegas feitas \u00e0 medida dos mais pequenos, leve e segura para que o l\u00edquido n\u00e3o se derrame e possam beber com tranquilidade. \u00c9 fabricada em\u00a0a\u00e7o inoxid\u00e1vel 304, pelo que \u00e9 muito resistente a pancadas e a quedas. Al\u00e9m disso, mant\u00e9m o calor durante 10 horas e o frio durante 12 horas, pois actua como uma termos. Se quiser eliminar os pl\u00e1sticos em contacto com os alimentos, o a\u00e7o inoxid\u00e1vel \u00e9 uma op\u00e7\u00e3o perfeita,&hellip;\" \/>\n<meta property=\"og:url\" content=\"https:\/\/nicolitos.com\/wp\/shop\/garrafa-treino-urso-280ml-aco-inoxidavel\/\" \/>\n<meta property=\"og:site_name\" content=\"Nicolitos\" \/>\n<meta property=\"article:publisher\" content=\"https:\/\/www.facebook.com\/NicolitosMM\" \/>\n<meta property=\"article:modified_time\" content=\"2024-12-15T17:33:45+00:00\" \/>\n<meta property=\"og:image\" content=\"https:\/\/nicolitos.com\/wp\/wp-content\/uploads\/2024\/12\/garrafa-de-treino-urso-salvia-280ml-aco-inoxidavel-1.jpg\" \/>\n\t<meta property=\"og:image:width\" content=\"120\" \/>\n\t<meta property=\"og:image:height\" content=\"96\" \/>\n\t<meta property=\"og:image:type\" content=\"image\/jpeg\" \/>\n<meta name=\"twitter:card\" content=\"summary_large_image\" \/>\n<meta name=\"twitter:label1\" content=\"Tempo estimado de leitura\" \/>\n\t<meta name=\"twitter:data1\" content=\"2 minutos\" \/>\n<script type=\"application\/ld+json\" class=\"yoast-schema-graph\">{\"@context\":\"https:\/\/schema.org\",\"@graph\":[{\"@type\":\"WebPage\",\"@id\":\"https:\/\/nicolitos.com\/wp\/shop\/garrafa-treino-urso-280ml-aco-inoxidavel\/\",\"url\":\"https:\/\/nicolitos.com\/wp\/shop\/garrafa-treino-urso-280ml-aco-inoxidavel\/\",\"name\":\"Garrafa treino Urso 280ml a\u00e7o inoxid\u00e1vel - Nicolitos\",\"isPartOf\":{\"@id\":\"https:\/\/nicolitos.com\/wp\/#website\"},\"primaryImageOfPage\":{\"@id\":\"https:\/\/nicolitos.com\/wp\/shop\/garrafa-treino-urso-280ml-aco-inoxidavel\/#primaryimage\"},\"image\":{\"@id\":\"https:\/\/nicolitos.com\/wp\/shop\/garrafa-treino-urso-280ml-aco-inoxidavel\/#primaryimage\"},\"thumbnailUrl\":\"https:\/\/nicolitos.com\/wp\/wp-content\/uploads\/2024\/12\/garrafa-de-treino-urso-salvia-280ml-aco-inoxidavel-1.jpg\",\"datePublished\":\"2024-12-15T16:50:21+00:00\",\"dateModified\":\"2024-12-15T17:33:45+00:00\",\"breadcrumb\":{\"@id\":\"https:\/\/nicolitos.com\/wp\/shop\/garrafa-treino-urso-280ml-aco-inoxidavel\/#breadcrumb\"},\"inLanguage\":\"pt-PT\",\"potentialAction\":[{\"@type\":\"ReadAction\",\"target\":[\"https:\/\/nicolitos.com\/wp\/shop\/garrafa-treino-urso-280ml-aco-inoxidavel\/\"]}]},{\"@type\":\"ImageObject\",\"inLanguage\":\"pt-PT\",\"@id\":\"https:\/\/nicolitos.com\/wp\/shop\/garrafa-treino-urso-280ml-aco-inoxidavel\/#primaryimage\",\"url\":\"https:\/\/nicolitos.com\/wp\/wp-content\/uploads\/2024\/12\/garrafa-de-treino-urso-salvia-280ml-aco-inoxidavel-1.jpg\",\"contentUrl\":\"https:\/\/nicolitos.com\/wp\/wp-content\/uploads\/2024\/12\/garrafa-de-treino-urso-salvia-280ml-aco-inoxidavel-1.jpg\",\"width\":120,\"height\":96},{\"@type\":\"BreadcrumbList\",\"@id\":\"https:\/\/nicolitos.com\/wp\/shop\/garrafa-treino-urso-280ml-aco-inoxidavel\/#breadcrumb\",\"itemListElement\":[{\"@type\":\"ListItem\",\"position\":1,\"name\":\"In\u00edcio\",\"item\":\"https:\/\/nicolitos.com\/wp\/\"},{\"@type\":\"ListItem\",\"position\":2,\"name\":\"Loja\",\"item\":\"https:\/\/nicolitos.com\/wp\/shop\/\"},{\"@type\":\"ListItem\",\"position\":3,\"name\":\"Garrafa treino Urso 280ml a\u00e7o inoxid\u00e1vel\"}]},{\"@type\":\"WebSite\",\"@id\":\"https:\/\/nicolitos.com\/wp\/#website\",\"url\":\"https:\/\/nicolitos.com\/wp\/\",\"name\":\"Nicolitos - Artigos de b\u00e9b\u00e9 e crian\u00e7a\",\"description\":\"Nicolitos - Loja de Artigos para b\u00e9b\u00e9 e crian\u00e7a\",\"publisher\":{\"@id\":\"https:\/\/nicolitos.com\/wp\/#organization\"},\"potentialAction\":[{\"@type\":\"SearchAction\",\"target\":{\"@type\":\"EntryPoint\",\"urlTemplate\":\"https:\/\/nicolitos.com\/wp\/?s={search_term_string}\"},\"query-input\":{\"@type\":\"PropertyValueSpecification\",\"valueRequired\":true,\"valueName\":\"search_term_string\"}}],\"inLanguage\":\"pt-PT\"},{\"@type\":\"Organization\",\"@id\":\"https:\/\/nicolitos.com\/wp\/#organization\",\"name\":\"Nicolitos\",\"url\":\"https:\/\/nicolitos.com\/wp\/\",\"logo\":{\"@type\":\"ImageObject\",\"inLanguage\":\"pt-PT\",\"@id\":\"https:\/\/nicolitos.com\/wp\/#\/schema\/logo\/image\/\",\"url\":\"https:\/\/nicolitos.com\/wp\/wp-content\/uploads\/2024\/05\/2-removebg-preview.png\",\"contentUrl\":\"https:\/\/nicolitos.com\/wp\/wp-content\/uploads\/2024\/05\/2-removebg-preview.png\",\"width\":300,\"height\":283,\"caption\":\"Nicolitos\"},\"image\":{\"@id\":\"https:\/\/nicolitos.com\/wp\/#\/schema\/logo\/image\/\"},\"sameAs\":[\"https:\/\/www.facebook.com\/NicolitosMM\",\"https:\/\/www.instagram.com\/nicolitosmm\/\",\"https:\/\/www.tiktok.com\/@nicolitosmm\"]}]}<\/script>\n<!-- \/ Yoast SEO plugin. -->","yoast_head_json":{"title":"Garrafa treino Urso 280ml a\u00e7o inoxid\u00e1vel - Nicolitos","robots":{"index":"index","follow":"follow","max-snippet":"max-snippet:-1","max-image-preview":"max-image-preview:large","max-video-preview":"max-video-preview:-1"},"canonical":"https:\/\/nicolitos.com\/wp\/shop\/garrafa-treino-urso-280ml-aco-inoxidavel\/","og_locale":"pt_PT","og_type":"article","og_title":"Garrafa treino Urso 280ml a\u00e7o inoxid\u00e1vel - Nicolitos","og_description":"Como \u00e9 esta garrafa? F\u00e1cil de segurar gra\u00e7as \u00e0s suas duas pegas feitas \u00e0 medida dos mais pequenos, leve e segura para que o l\u00edquido n\u00e3o se derrame e possam beber com tranquilidade. \u00c9 fabricada em\u00a0a\u00e7o inoxid\u00e1vel 304, pelo que \u00e9 muito resistente a pancadas e a quedas. Al\u00e9m disso, mant\u00e9m o calor durante 10 horas e o frio durante 12 horas, pois actua como uma termos. Se quiser eliminar os pl\u00e1sticos em contacto com os alimentos, o a\u00e7o inoxid\u00e1vel \u00e9 uma op\u00e7\u00e3o perfeita,&hellip;","og_url":"https:\/\/nicolitos.com\/wp\/shop\/garrafa-treino-urso-280ml-aco-inoxidavel\/","og_site_name":"Nicolitos","article_publisher":"https:\/\/www.facebook.com\/NicolitosMM","article_modified_time":"2024-12-15T17:33:45+00:00","og_image":[{"width":120,"height":96,"url":"https:\/\/nicolitos.com\/wp\/wp-content\/uploads\/2024\/12\/garrafa-de-treino-urso-salvia-280ml-aco-inoxidavel-1.jpg","type":"image\/jpeg"}],"twitter_card":"summary_large_image","twitter_misc":{"Tempo estimado de leitura":"2 minutos"},"schema":{"@context":"https:\/\/schema.org","@graph":[{"@type":"WebPage","@id":"https:\/\/nicolitos.com\/wp\/shop\/garrafa-treino-urso-280ml-aco-inoxidavel\/","url":"https:\/\/nicolitos.com\/wp\/shop\/garrafa-treino-urso-280ml-aco-inoxidavel\/","name":"Garrafa treino Urso 280ml a\u00e7o inoxid\u00e1vel - Nicolitos","isPartOf":{"@id":"https:\/\/nicolitos.com\/wp\/#website"},"primaryImageOfPage":{"@id":"https:\/\/nicolitos.com\/wp\/shop\/garrafa-treino-urso-280ml-aco-inoxidavel\/#primaryimage"},"image":{"@id":"https:\/\/nicolitos.com\/wp\/shop\/garrafa-treino-urso-280ml-aco-inoxidavel\/#primaryimage"},"thumbnailUrl":"https:\/\/nicolitos.com\/wp\/wp-content\/uploads\/2024\/12\/garrafa-de-treino-urso-salvia-280ml-aco-inoxidavel-1.jpg","datePublished":"2024-12-15T16:50:21+00:00","dateModified":"2024-12-15T17:33:45+00:00","breadcrumb":{"@id":"https:\/\/nicolitos.com\/wp\/shop\/garrafa-treino-urso-280ml-aco-inoxidavel\/#breadcrumb"},"inLanguage":"pt-PT","potentialAction":[{"@type":"ReadAction","target":["https:\/\/nicolitos.com\/wp\/shop\/garrafa-treino-urso-280ml-aco-inoxidavel\/"]}]},{"@type":"ImageObject","inLanguage":"pt-PT","@id":"https:\/\/nicolitos.com\/wp\/shop\/garrafa-treino-urso-280ml-aco-inoxidavel\/#primaryimage","url":"https:\/\/nicolitos.com\/wp\/wp-content\/uploads\/2024\/12\/garrafa-de-treino-urso-salvia-280ml-aco-inoxidavel-1.jpg","contentUrl":"https:\/\/nicolitos.com\/wp\/wp-content\/uploads\/2024\/12\/garrafa-de-treino-urso-salvia-280ml-aco-inoxidavel-1.jpg","width":120,"height":96},{"@type":"BreadcrumbList","@id":"https:\/\/nicolitos.com\/wp\/shop\/garrafa-treino-urso-280ml-aco-inoxidavel\/#breadcrumb","itemListElement":[{"@type":"ListItem","position":1,"name":"In\u00edcio","item":"https:\/\/nicolitos.com\/wp\/"},{"@type":"ListItem","position":2,"name":"Loja","item":"https:\/\/nicolitos.com\/wp\/shop\/"},{"@type":"ListItem","position":3,"name":"Garrafa treino Urso 280ml a\u00e7o inoxid\u00e1vel"}]},{"@type":"WebSite","@id":"https:\/\/nicolitos.com\/wp\/#website","url":"https:\/\/nicolitos.com\/wp\/","name":"Nicolitos - Artigos de b\u00e9b\u00e9 e crian\u00e7a","description":"Nicolitos - Loja de Artigos para b\u00e9b\u00e9 e crian\u00e7a","publisher":{"@id":"https:\/\/nicolitos.com\/wp\/#organization"},"potentialAction":[{"@type":"SearchAction","target":{"@type":"EntryPoint","urlTemplate":"https:\/\/nicolitos.com\/wp\/?s={search_term_string}"},"query-input":{"@type":"PropertyValueSpecification","valueRequired":true,"valueName":"search_term_string"}}],"inLanguage":"pt-PT"},{"@type":"Organization","@id":"https:\/\/nicolitos.com\/wp\/#organization","name":"Nicolitos","url":"https:\/\/nicolitos.com\/wp\/","logo":{"@type":"ImageObject","inLanguage":"pt-PT","@id":"https:\/\/nicolitos.com\/wp\/#\/schema\/logo\/image\/","url":"https:\/\/nicolitos.com\/wp\/wp-content\/uploads\/2024\/05\/2-removebg-preview.png","contentUrl":"https:\/\/nicolitos.com\/wp\/wp-content\/uploads\/2024\/05\/2-removebg-preview.png","width":300,"height":283,"caption":"Nicolitos"},"image":{"@id":"https:\/\/nicolitos.com\/wp\/#\/schema\/logo\/image\/"},"sameAs":["https:\/\/www.facebook.com\/NicolitosMM","https:\/\/www.instagram.com\/nicolitosmm\/","https:\/\/www.tiktok.com\/@nicolitosmm"]}]}},"_links":{"self":[{"href":"https:\/\/nicolitos.com\/wp\/wp-json\/wp\/v2\/product\/7399","targetHints":{"allow":["GET"]}}],"collection":[{"href":"https:\/\/nicolitos.com\/wp\/wp-json\/wp\/v2\/product"}],"about":[{"href":"https:\/\/nicolitos.com\/wp\/wp-json\/wp\/v2\/types\/product"}],"replies":[{"embeddable":true,"href":"https:\/\/nicolitos.com\/wp\/wp-json\/wp\/v2\/comments?post=7399"}],"wp:featuredmedia":[{"embeddable":true,"href":"https:\/\/nicolitos.com\/wp\/wp-json\/wp\/v2\/media\/7400"}],"wp:attachment":[{"href":"https:\/\/nicolitos.com\/wp\/wp-json\/wp\/v2\/media?parent=7399"}],"wp:term":[{"taxonomy":"product_cat","embeddable":true,"href":"https:\/\/nicolitos.com\/wp\/wp-json\/wp\/v2\/product_cat?post=7399"},{"taxonomy":"product_tag","embeddable":true,"href":"https:\/\/nicolitos.com\/wp\/wp-json\/wp\/v2\/product_tag?post=7399"}],"curies":[{"name":"wp","href":"https:\/\/api.w.org\/{rel}","templated":true}]}}