{"id":899,"date":"2024-03-28T15:43:27","date_gmt":"2024-03-28T15:43:27","guid":{"rendered":"https:\/\/nicolitos.com\/wp\/produto\/jogo-education-montessori-casa-palavras\/"},"modified":"2024-05-07T15:20:12","modified_gmt":"2024-05-07T15:20:12","slug":"jogo-education-montessori-casa-palavras","status":"publish","type":"product","link":"https:\/\/nicolitos.com\/wp\/shop\/jogo-education-montessori-casa-palavras\/","title":{"rendered":"Jogo Education Montessori Casa Palavras"},"content":{"rendered":"<p>\u00c9 uma fant\u00e1stica casinha 3D para montar, com cinco zonas vazias, um jardim e uma garagem, pronta para ser preenchida com objetos com muitos nomes para aprender!<\/p>\n<p>A crian\u00e7a ir\u00e1 divertir-se a personalizar as divis\u00f5es com elementos de cart\u00e3o a serem fixados \u00e0s paredes com velcro e objetos fotogr\u00e1ficos com pedestal, inventando hist\u00f3rias.<\/p>\n<p>Esta casinha d\u00e1 espa\u00e7o \u00e0 imagina\u00e7\u00e3o e ajuda a desenvolver o vocabul\u00e1rio de forma espont\u00e2nea e natural.<\/p>\n<ul>\n<li><strong>Especifica\u00e7\u00f5es:<\/strong>\n<ul>\n<li>Idade Recomendada: 3-6 Anos<\/li>\n<\/ul>\n<\/li>\n<\/ul>\n","protected":false},"excerpt":{"rendered":"<p>\u00c9 uma fant\u00e1stica casinha 3D para montar, com cinco zonas vazias, um jardim e uma garagem, pronta para ser preenchida com objetos com muitos nomes para aprender! A crian\u00e7a ir\u00e1 divertir-se a personalizar as divis\u00f5es com elementos de cart\u00e3o a serem fixados \u00e0s paredes com velcro e objetos fotogr\u00e1ficos com pedestal, inventando hist\u00f3rias. Esta casinha d\u00e1 espa\u00e7o \u00e0 imagina\u00e7\u00e3o e ajuda a desenvolver o vocabul\u00e1rio de forma espont\u00e2nea e natural. Especifica\u00e7\u00f5es: Idade Recomendada: 3-6 Anos<\/p>\n","protected":false},"featured_media":3137,"comment_status":"open","ping_status":"closed","template":"","meta":{"_acf_changed":false,"_themeisle_gutenberg_block_has_review":false},"product_cat":[424],"product_tag":[],"class_list":{"0":"post-899","1":"product","2":"type-product","3":"status-publish","4":"has-post-thumbnail","6":"product_cat-didaticos","7":"product_shipping_class-peso-2kg","9":"first","10":"instock","11":"taxable","12":"shipping-taxable","13":"purchasable","14":"product-type-simple"},"acf":[],"yoast_head":"<!-- This site is optimized with the Yoast SEO plugin v24.2 - https:\/\/yoast.com\/wordpress\/plugins\/seo\/ -->\n<title>Jogo Education Montessori Casa Palavras - Nicolitos<\/title>\n<meta name=\"robots\" content=\"index, follow, max-snippet:-1, max-image-preview:large, max-video-preview:-1\" \/>\n<link rel=\"canonical\" href=\"https:\/\/nicolitos.com\/wp\/shop\/jogo-education-montessori-casa-palavras\/\" \/>\n<meta property=\"og:locale\" content=\"pt_PT\" \/>\n<meta property=\"og:type\" content=\"article\" \/>\n<meta property=\"og:title\" content=\"Jogo Education Montessori Casa Palavras - Nicolitos\" \/>\n<meta property=\"og:description\" content=\"\u00c9 uma fant\u00e1stica casinha 3D para montar, com cinco zonas vazias, um jardim e uma garagem, pronta para ser preenchida com objetos com muitos nomes para aprender! A crian\u00e7a ir\u00e1 divertir-se a personalizar as divis\u00f5es com elementos de cart\u00e3o a serem fixados \u00e0s paredes com velcro e objetos fotogr\u00e1ficos com pedestal, inventando hist\u00f3rias. Esta casinha d\u00e1 espa\u00e7o \u00e0 imagina\u00e7\u00e3o e ajuda a desenvolver o vocabul\u00e1rio de forma espont\u00e2nea e natural. Especifica\u00e7\u00f5es: Idade Recomendada: 3-6 Anos\" \/>\n<meta property=\"og:url\" content=\"https:\/\/nicolitos.com\/wp\/shop\/jogo-education-montessori-casa-palavras\/\" \/>\n<meta property=\"og:site_name\" content=\"Nicolitos\" \/>\n<meta property=\"article:publisher\" content=\"https:\/\/www.facebook.com\/NicolitosMM\" \/>\n<meta property=\"article:modified_time\" content=\"2024-05-07T15:20:12+00:00\" \/>\n<meta property=\"og:image\" content=\"https:\/\/nicolitos.com\/wp\/wp-content\/uploads\/2024\/03\/67743.main_.jpg_ccca41df_thumbnail_4096.jpg\" \/>\n\t<meta property=\"og:image:width\" content=\"1000\" \/>\n\t<meta property=\"og:image:height\" content=\"1000\" \/>\n\t<meta property=\"og:image:type\" content=\"image\/jpeg\" \/>\n<meta name=\"twitter:card\" content=\"summary_large_image\" \/>\n<script type=\"application\/ld+json\" class=\"yoast-schema-graph\">{\"@context\":\"https:\/\/schema.org\",\"@graph\":[{\"@type\":\"WebPage\",\"@id\":\"https:\/\/nicolitos.com\/wp\/shop\/jogo-education-montessori-casa-palavras\/\",\"url\":\"https:\/\/nicolitos.com\/wp\/shop\/jogo-education-montessori-casa-palavras\/\",\"name\":\"Jogo Education Montessori Casa Palavras - Nicolitos\",\"isPartOf\":{\"@id\":\"https:\/\/nicolitos.com\/wp\/#website\"},\"primaryImageOfPage\":{\"@id\":\"https:\/\/nicolitos.com\/wp\/shop\/jogo-education-montessori-casa-palavras\/#primaryimage\"},\"image\":{\"@id\":\"https:\/\/nicolitos.com\/wp\/shop\/jogo-education-montessori-casa-palavras\/#primaryimage\"},\"thumbnailUrl\":\"https:\/\/nicolitos.com\/wp\/wp-content\/uploads\/2024\/03\/67743.main_.jpg_ccca41df_thumbnail_4096.jpg\",\"datePublished\":\"2024-03-28T15:43:27+00:00\",\"dateModified\":\"2024-05-07T15:20:12+00:00\",\"breadcrumb\":{\"@id\":\"https:\/\/nicolitos.com\/wp\/shop\/jogo-education-montessori-casa-palavras\/#breadcrumb\"},\"inLanguage\":\"pt-PT\",\"potentialAction\":[{\"@type\":\"ReadAction\",\"target\":[\"https:\/\/nicolitos.com\/wp\/shop\/jogo-education-montessori-casa-palavras\/\"]}]},{\"@type\":\"ImageObject\",\"inLanguage\":\"pt-PT\",\"@id\":\"https:\/\/nicolitos.com\/wp\/shop\/jogo-education-montessori-casa-palavras\/#primaryimage\",\"url\":\"https:\/\/nicolitos.com\/wp\/wp-content\/uploads\/2024\/03\/67743.main_.jpg_ccca41df_thumbnail_4096.jpg\",\"contentUrl\":\"https:\/\/nicolitos.com\/wp\/wp-content\/uploads\/2024\/03\/67743.main_.jpg_ccca41df_thumbnail_4096.jpg\",\"width\":1000,\"height\":1000},{\"@type\":\"BreadcrumbList\",\"@id\":\"https:\/\/nicolitos.com\/wp\/shop\/jogo-education-montessori-casa-palavras\/#breadcrumb\",\"itemListElement\":[{\"@type\":\"ListItem\",\"position\":1,\"name\":\"In\u00edcio\",\"item\":\"https:\/\/nicolitos.com\/wp\/\"},{\"@type\":\"ListItem\",\"position\":2,\"name\":\"Loja\",\"item\":\"https:\/\/nicolitos.com\/wp\/shop\/\"},{\"@type\":\"ListItem\",\"position\":3,\"name\":\"Jogo Education Montessori Casa Palavras\"}]},{\"@type\":\"WebSite\",\"@id\":\"https:\/\/nicolitos.com\/wp\/#website\",\"url\":\"https:\/\/nicolitos.com\/wp\/\",\"name\":\"Nicolitos - Artigos de b\u00e9b\u00e9 e crian\u00e7a\",\"description\":\"Nicolitos - Loja de Artigos para b\u00e9b\u00e9 e crian\u00e7a\",\"publisher\":{\"@id\":\"https:\/\/nicolitos.com\/wp\/#organization\"},\"potentialAction\":[{\"@type\":\"SearchAction\",\"target\":{\"@type\":\"EntryPoint\",\"urlTemplate\":\"https:\/\/nicolitos.com\/wp\/?s={search_term_string}\"},\"query-input\":{\"@type\":\"PropertyValueSpecification\",\"valueRequired\":true,\"valueName\":\"search_term_string\"}}],\"inLanguage\":\"pt-PT\"},{\"@type\":\"Organization\",\"@id\":\"https:\/\/nicolitos.com\/wp\/#organization\",\"name\":\"Nicolitos\",\"url\":\"https:\/\/nicolitos.com\/wp\/\",\"logo\":{\"@type\":\"ImageObject\",\"inLanguage\":\"pt-PT\",\"@id\":\"https:\/\/nicolitos.com\/wp\/#\/schema\/logo\/image\/\",\"url\":\"https:\/\/nicolitos.com\/wp\/wp-content\/uploads\/2024\/05\/2-removebg-preview.png\",\"contentUrl\":\"https:\/\/nicolitos.com\/wp\/wp-content\/uploads\/2024\/05\/2-removebg-preview.png\",\"width\":300,\"height\":283,\"caption\":\"Nicolitos\"},\"image\":{\"@id\":\"https:\/\/nicolitos.com\/wp\/#\/schema\/logo\/image\/\"},\"sameAs\":[\"https:\/\/www.facebook.com\/NicolitosMM\",\"https:\/\/www.instagram.com\/nicolitosmm\/\",\"https:\/\/www.tiktok.com\/@nicolitosmm\"]}]}<\/script>\n<!-- \/ Yoast SEO plugin. -->","yoast_head_json":{"title":"Jogo Education Montessori Casa Palavras - Nicolitos","robots":{"index":"index","follow":"follow","max-snippet":"max-snippet:-1","max-image-preview":"max-image-preview:large","max-video-preview":"max-video-preview:-1"},"canonical":"https:\/\/nicolitos.com\/wp\/shop\/jogo-education-montessori-casa-palavras\/","og_locale":"pt_PT","og_type":"article","og_title":"Jogo Education Montessori Casa Palavras - Nicolitos","og_description":"\u00c9 uma fant\u00e1stica casinha 3D para montar, com cinco zonas vazias, um jardim e uma garagem, pronta para ser preenchida com objetos com muitos nomes para aprender! A crian\u00e7a ir\u00e1 divertir-se a personalizar as divis\u00f5es com elementos de cart\u00e3o a serem fixados \u00e0s paredes com velcro e objetos fotogr\u00e1ficos com pedestal, inventando hist\u00f3rias. Esta casinha d\u00e1 espa\u00e7o \u00e0 imagina\u00e7\u00e3o e ajuda a desenvolver o vocabul\u00e1rio de forma espont\u00e2nea e natural. Especifica\u00e7\u00f5es: Idade Recomendada: 3-6 Anos","og_url":"https:\/\/nicolitos.com\/wp\/shop\/jogo-education-montessori-casa-palavras\/","og_site_name":"Nicolitos","article_publisher":"https:\/\/www.facebook.com\/NicolitosMM","article_modified_time":"2024-05-07T15:20:12+00:00","og_image":[{"width":1000,"height":1000,"url":"https:\/\/nicolitos.com\/wp\/wp-content\/uploads\/2024\/03\/67743.main_.jpg_ccca41df_thumbnail_4096.jpg","type":"image\/jpeg"}],"twitter_card":"summary_large_image","schema":{"@context":"https:\/\/schema.org","@graph":[{"@type":"WebPage","@id":"https:\/\/nicolitos.com\/wp\/shop\/jogo-education-montessori-casa-palavras\/","url":"https:\/\/nicolitos.com\/wp\/shop\/jogo-education-montessori-casa-palavras\/","name":"Jogo Education Montessori Casa Palavras - Nicolitos","isPartOf":{"@id":"https:\/\/nicolitos.com\/wp\/#website"},"primaryImageOfPage":{"@id":"https:\/\/nicolitos.com\/wp\/shop\/jogo-education-montessori-casa-palavras\/#primaryimage"},"image":{"@id":"https:\/\/nicolitos.com\/wp\/shop\/jogo-education-montessori-casa-palavras\/#primaryimage"},"thumbnailUrl":"https:\/\/nicolitos.com\/wp\/wp-content\/uploads\/2024\/03\/67743.main_.jpg_ccca41df_thumbnail_4096.jpg","datePublished":"2024-03-28T15:43:27+00:00","dateModified":"2024-05-07T15:20:12+00:00","breadcrumb":{"@id":"https:\/\/nicolitos.com\/wp\/shop\/jogo-education-montessori-casa-palavras\/#breadcrumb"},"inLanguage":"pt-PT","potentialAction":[{"@type":"ReadAction","target":["https:\/\/nicolitos.com\/wp\/shop\/jogo-education-montessori-casa-palavras\/"]}]},{"@type":"ImageObject","inLanguage":"pt-PT","@id":"https:\/\/nicolitos.com\/wp\/shop\/jogo-education-montessori-casa-palavras\/#primaryimage","url":"https:\/\/nicolitos.com\/wp\/wp-content\/uploads\/2024\/03\/67743.main_.jpg_ccca41df_thumbnail_4096.jpg","contentUrl":"https:\/\/nicolitos.com\/wp\/wp-content\/uploads\/2024\/03\/67743.main_.jpg_ccca41df_thumbnail_4096.jpg","width":1000,"height":1000},{"@type":"BreadcrumbList","@id":"https:\/\/nicolitos.com\/wp\/shop\/jogo-education-montessori-casa-palavras\/#breadcrumb","itemListElement":[{"@type":"ListItem","position":1,"name":"In\u00edcio","item":"https:\/\/nicolitos.com\/wp\/"},{"@type":"ListItem","position":2,"name":"Loja","item":"https:\/\/nicolitos.com\/wp\/shop\/"},{"@type":"ListItem","position":3,"name":"Jogo Education Montessori Casa Palavras"}]},{"@type":"WebSite","@id":"https:\/\/nicolitos.com\/wp\/#website","url":"https:\/\/nicolitos.com\/wp\/","name":"Nicolitos - Artigos de b\u00e9b\u00e9 e crian\u00e7a","description":"Nicolitos - Loja de Artigos para b\u00e9b\u00e9 e crian\u00e7a","publisher":{"@id":"https:\/\/nicolitos.com\/wp\/#organization"},"potentialAction":[{"@type":"SearchAction","target":{"@type":"EntryPoint","urlTemplate":"https:\/\/nicolitos.com\/wp\/?s={search_term_string}"},"query-input":{"@type":"PropertyValueSpecification","valueRequired":true,"valueName":"search_term_string"}}],"inLanguage":"pt-PT"},{"@type":"Organization","@id":"https:\/\/nicolitos.com\/wp\/#organization","name":"Nicolitos","url":"https:\/\/nicolitos.com\/wp\/","logo":{"@type":"ImageObject","inLanguage":"pt-PT","@id":"https:\/\/nicolitos.com\/wp\/#\/schema\/logo\/image\/","url":"https:\/\/nicolitos.com\/wp\/wp-content\/uploads\/2024\/05\/2-removebg-preview.png","contentUrl":"https:\/\/nicolitos.com\/wp\/wp-content\/uploads\/2024\/05\/2-removebg-preview.png","width":300,"height":283,"caption":"Nicolitos"},"image":{"@id":"https:\/\/nicolitos.com\/wp\/#\/schema\/logo\/image\/"},"sameAs":["https:\/\/www.facebook.com\/NicolitosMM","https:\/\/www.instagram.com\/nicolitosmm\/","https:\/\/www.tiktok.com\/@nicolitosmm"]}]}},"_links":{"self":[{"href":"https:\/\/nicolitos.com\/wp\/wp-json\/wp\/v2\/product\/899","targetHints":{"allow":["GET"]}}],"collection":[{"href":"https:\/\/nicolitos.com\/wp\/wp-json\/wp\/v2\/product"}],"about":[{"href":"https:\/\/nicolitos.com\/wp\/wp-json\/wp\/v2\/types\/product"}],"replies":[{"embeddable":true,"href":"https:\/\/nicolitos.com\/wp\/wp-json\/wp\/v2\/comments?post=899"}],"wp:featuredmedia":[{"embeddable":true,"href":"https:\/\/nicolitos.com\/wp\/wp-json\/wp\/v2\/media\/3137"}],"wp:attachment":[{"href":"https:\/\/nicolitos.com\/wp\/wp-json\/wp\/v2\/media?parent=899"}],"wp:term":[{"taxonomy":"product_cat","embeddable":true,"href":"https:\/\/nicolitos.com\/wp\/wp-json\/wp\/v2\/product_cat?post=899"},{"taxonomy":"product_tag","embeddable":true,"href":"https:\/\/nicolitos.com\/wp\/wp-json\/wp\/v2\/product_tag?post=899"}],"curies":[{"name":"wp","href":"https:\/\/api.w.org\/{rel}","templated":true}]}}